{"id":11990,"date":"2023-05-17T07:41:53","date_gmt":"2023-05-17T07:41:53","guid":{"rendered":"https:\/\/www.asturforesta.es\/accreditation-presse\/"},"modified":"2023-05-17T08:36:15","modified_gmt":"2023-05-17T08:36:15","slug":"accreditation-presse","status":"publish","type":"page","link":"https:\/\/www.asturforesta.es\/fr\/accreditation-presse\/","title":{"rendered":"Accr\u00e9ditation presse"},"content":{"rendered":"<div class=\"fusion-fullwidth fullwidth-box fusion-builder-row-1 fusion-flex-container has-pattern-background has-mask-background nonhundred-percent-fullwidth non-hundred-percent-height-scrolling\" style=\"--awb-border-radius-top-left:0px;--awb-border-radius-top-right:0px;--awb-border-radius-bottom-right:0px;--awb-border-radius-bottom-left:0px;--awb-flex-wrap:wrap;\" ><div class=\"fusion-builder-row fusion-row fusion-flex-align-items-flex-start fusion-flex-content-wrap\" style=\"max-width:1248px;margin-left: calc(-4% \/ 2 );margin-right: calc(-4% \/ 2 );\"><div class=\"fusion-layout-column fusion_builder_column fusion-builder-column-0 fusion_builder_column_1_6 1_6 fusion-flex-column\" style=\"--awb-bg-size:cover;--awb-width-large:16.666666666667%;--awb-margin-top-large:0px;--awb-spacing-right-large:11.52%;--awb-margin-bottom-large:20px;--awb-spacing-left-large:11.52%;--awb-width-medium:16.666666666667%;--awb-order-medium:0;--awb-spacing-right-medium:11.52%;--awb-spacing-left-medium:11.52%;--awb-width-small:100%;--awb-order-small:0;--awb-spacing-right-small:1.92%;--awb-spacing-left-small:1.92%;\"><div class=\"fusion-column-wrapper fusion-column-has-shadow fusion-flex-justify-content-flex-start fusion-content-layout-column\"><\/div><\/div><div class=\"fusion-layout-column fusion_builder_column fusion-builder-column-1 fusion_builder_column_3_4 3_4 fusion-flex-column\" style=\"--awb-bg-size:cover;--awb-width-large:75%;--awb-margin-top-large:0px;--awb-spacing-right-large:2.56%;--awb-margin-bottom-large:20px;--awb-spacing-left-large:2.56%;--awb-width-medium:75%;--awb-order-medium:0;--awb-spacing-right-medium:2.56%;--awb-spacing-left-medium:2.56%;--awb-width-small:100%;--awb-order-small:0;--awb-spacing-right-small:1.92%;--awb-spacing-left-small:1.92%;\"><div class=\"fusion-column-wrapper fusion-column-has-shadow fusion-flex-justify-content-flex-start fusion-content-layout-column\"><div class=\"fusion-title title fusion-title-1 fusion-sep-none fusion-title-text fusion-title-size-one\" style=\"--awb-margin-bottom:0PX;--awb-font-size:29px;\"><h1 class=\"fusion-title-heading title-heading-left\" style=\"margin:0;text-transform:uppercase;font-size:1em;\"><strong>Accr\u00e9ditation presse<\/strong><\/h1><\/div><div class=\"fusion-title title fusion-title-2 fusion-sep-none fusion-title-text fusion-title-size-three\" style=\"--awb-text-color:var(--awb-color3);--awb-margin-top:15PX;--awb-margin-bottom:7px;--awb-sep-color:var(--awb-color6);--awb-font-size:19PX;\"><h3 class=\"fusion-title-heading title-heading-left\" style=\"font-family:&quot;Oswald&quot;;font-style:normal;font-weight:300;margin:0;text-transform:uppercase;font-size:1em;\"><p style=\"text-align: left;\"><strong>DEMANDEZ VOTRE ACCR\u00c9DITATION POUR COUVRIR L&#8217;\u00c9V\u00c9NEMENT ASTURFORESTA<\/strong><\/p><\/h3><\/div><div class=\"fusion-separator\" style=\"align-self: flex-start;margin-right:auto;margin-bottom:10px;width:100%;max-width:80%;\"><div class=\"fusion-separator-border sep-single sep-solid\" style=\"--awb-height:20px;--awb-amount:20px;--awb-sep-color:var(--awb-color4);border-color:var(--awb-color4);border-top-width:1px;\"><\/div><\/div><\/div><\/div><div class=\"fusion-layout-column fusion_builder_column fusion-builder-column-2 fusion_builder_column_1_6 1_6 fusion-flex-column\" style=\"--awb-padding-top:10px;--awb-padding-right:10px;--awb-padding-bottom:10px;--awb-padding-left:10px;--awb-overflow:hidden;--awb-bg-color:var(--awb-color4);--awb-bg-color-hover:var(--awb-color4);--awb-bg-size:cover;--awb-border-radius:3px 3px 3px 3px;--awb-width-large:16.666666666667%;--awb-margin-top-large:0px;--awb-spacing-right-large:11.52%;--awb-margin-bottom-large:20px;--awb-spacing-left-large:11.52%;--awb-width-medium:16.666666666667%;--awb-order-medium:0;--awb-spacing-right-medium:11.52%;--awb-spacing-left-medium:11.52%;--awb-width-small:100%;--awb-order-small:0;--awb-spacing-right-small:1.92%;--awb-spacing-left-small:1.92%;\"><div class=\"fusion-column-wrapper fusion-column-has-shadow fusion-flex-justify-content-flex-start fusion-content-layout-column\"><i class=\"fb-icon-element-1 fb-icon-element fontawesome-icon fa-microphone fas circle-yes\" style=\"--awb-circlecolor:var(--awb-color4);--awb-circlebordercolor:var(--awb-color4);--awb-circlebordersize:1px;--awb-font-size:70.4px;--awb-width:140.8px;--awb-height:140.8px;--awb-line-height:138.8px;--awb-border-radius-top-l:10px;--awb-border-radius-top-r:10px;--awb-border-radius-bot-r:10px;--awb-border-radius-bot-l:10px;--awb-align-self:center;--awb-margin-top:0px;--awb-margin-right:0px;--awb-margin-bottom:5px;--awb-margin-left:0px;\"><\/i><\/div><\/div><div class=\"fusion-layout-column fusion_builder_column fusion-builder-column-3 fusion_builder_column_3_4 3_4 fusion-flex-column\" style=\"--awb-padding-top:20px;--awb-padding-right:20px;--awb-padding-bottom:20px;--awb-padding-left:20px;--awb-bg-color:#efefef;--awb-bg-color-hover:#efefef;--awb-bg-size:cover;--awb-width-large:75%;--awb-margin-top-large:0px;--awb-spacing-right-large:2.56%;--awb-margin-bottom-large:20px;--awb-spacing-left-large:2.56%;--awb-width-medium:75%;--awb-order-medium:0;--awb-spacing-right-medium:2.56%;--awb-spacing-left-medium:2.56%;--awb-width-small:100%;--awb-order-small:0;--awb-spacing-right-small:1.92%;--awb-spacing-left-small:1.92%;\"><div class=\"fusion-column-wrapper fusion-column-has-shadow fusion-flex-justify-content-flex-start fusion-content-layout-column\"><div class=\"fusion-text fusion-text-1 fusion-text-no-margin\" style=\"--awb-margin-bottom:10PX;\"><p align=\"justify\">Si vous allez assister \u00e0 Asturforesta en tant que m\u00e9dia accr\u00e9dit\u00e9, remplissez le formulaire suivant et nous vous enverrons l&#8217;accr\u00e9ditation correspondante par courrier pour acc\u00e9der au site de la Foire foresti\u00e8re internationale \u00e0 Tineo, Asturies.<\/p>\n<p><strong>Merci d&#8217;avoir particip\u00e9 \u00e0 Asturforesta. <\/strong><\/p>\n<\/div>\n<div class=\"wpcf7 no-js\" id=\"wpcf7-f11981-o1\" lang=\"es-ES\" dir=\"ltr\" data-wpcf7-id=\"11981\">\n<div class=\"screen-reader-response\"><p role=\"status\" aria-live=\"polite\" aria-atomic=\"true\"><\/p> <ul><\/ul><\/div>\n<form action=\"\/fr\/wp-json\/wp\/v2\/pages\/11990#wpcf7-f11981-o1\" method=\"post\" class=\"wpcf7-form init\" aria-label=\"Contact form\" novalidate=\"novalidate\" data-status=\"init\">\n<fieldset class=\"hidden-fields-container\"><input type=\"hidden\" name=\"_wpcf7\" value=\"11981\" \/><input type=\"hidden\" name=\"_wpcf7_version\" value=\"6.1.5\" \/><input type=\"hidden\" name=\"_wpcf7_locale\" value=\"es_ES\" \/><input type=\"hidden\" name=\"_wpcf7_unit_tag\" value=\"wpcf7-f11981-o1\" \/><input type=\"hidden\" name=\"_wpcf7_container_post\" value=\"0\" \/><input type=\"hidden\" name=\"_wpcf7_posted_data_hash\" value=\"\" \/><input type=\"hidden\" name=\"_wpcf7cf_hidden_group_fields\" value=\"[]\" \/><input type=\"hidden\" name=\"_wpcf7cf_hidden_groups\" value=\"[]\" \/><input type=\"hidden\" name=\"_wpcf7cf_visible_groups\" value=\"[]\" \/><input type=\"hidden\" name=\"_wpcf7cf_repeaters\" value=\"[]\" \/><input type=\"hidden\" name=\"_wpcf7cf_steps\" value=\"{}\" \/><input type=\"hidden\" name=\"_wpcf7cf_options\" value=\"{&quot;form_id&quot;:11981,&quot;conditions&quot;:[],&quot;settings&quot;:{&quot;animation&quot;:&quot;yes&quot;,&quot;animation_intime&quot;:200,&quot;animation_outtime&quot;:200,&quot;conditions_ui&quot;:&quot;normal&quot;,&quot;notice_dismissed&quot;:false,&quot;repeater_remove_button&quot;:&quot;bottom&quot;}}\" \/><input type=\"hidden\" name=\"_wpcf7_recaptcha_response\" value=\"\" \/>\n<\/fieldset>\n<p style=\"font-size:15px\"><i>Los campos marcados con un * son obligatorios.<\/i>\n<\/p>\n<div class=\"cf-container\">\n\t<div class=\"cf-col-5\">\n\t\t<p>Nombre* <span class=\"wpcf7-form-control-wrap\" data-name=\"nombre\"><input size=\"40\" maxlength=\"400\" class=\"wpcf7-form-control wpcf7-text wpcf7-validates-as-required\" aria-required=\"true\" aria-invalid=\"false\" value=\"\" type=\"text\" name=\"nombre\" \/><\/span>\n\t\t<\/p>\n\t<\/div>\n\t<div class=\"cf-col-7\">\n\t\t<p>Apellidos* <span class=\"wpcf7-form-control-wrap\" data-name=\"apellidos\"><input size=\"40\" maxlength=\"400\" class=\"wpcf7-form-control wpcf7-text wpcf7-validates-as-required\" aria-required=\"true\" aria-invalid=\"false\" value=\"\" type=\"text\" name=\"apellidos\" \/><\/span>\n\t\t<\/p>\n\t<\/div>\n\t<div class=\"cf-col-8\">\n\t\t<p>Email* <span class=\"wpcf7-form-control-wrap\" data-name=\"email\"><input size=\"40\" maxlength=\"400\" class=\"wpcf7-form-control wpcf7-email wpcf7-validates-as-required wpcf7-text wpcf7-validates-as-email\" aria-required=\"true\" aria-invalid=\"false\" value=\"\" type=\"email\" name=\"email\" \/><\/span>\n\t\t<\/p>\n\t<\/div>\n\t<div class=\"cf-col-4\">\n\t\t<p>Tel\u00e9fono* <span class=\"wpcf7-form-control-wrap\" data-name=\"telefono\"><input size=\"40\" maxlength=\"400\" class=\"wpcf7-form-control wpcf7-tel wpcf7-validates-as-required wpcf7-text wpcf7-validates-as-tel\" aria-required=\"true\" aria-invalid=\"false\" value=\"\" type=\"tel\" name=\"telefono\" \/><\/span>\n\t\t<\/p>\n\t<\/div>\n\t<div class=\"cf-col-12\">\n\t\t<p>Medio de comunicaci\u00f3n* <span class=\"wpcf7-form-control-wrap\" data-name=\"medio\"><input size=\"40\" maxlength=\"400\" class=\"wpcf7-form-control wpcf7-text wpcf7-validates-as-required\" aria-required=\"true\" aria-invalid=\"false\" value=\"\" type=\"text\" name=\"medio\" \/><\/span>\n\t\t<\/p>\n\t<\/div>\n\t<div class=\"cf-col-12\">\n\t\t<p>Direcci\u00f3n* <span class=\"wpcf7-form-control-wrap\" data-name=\"direccion\"><input size=\"40\" maxlength=\"400\" class=\"wpcf7-form-control wpcf7-text wpcf7-validates-as-required\" aria-required=\"true\" aria-invalid=\"false\" value=\"\" type=\"text\" name=\"direccion\" \/><\/span>\n\t\t<\/p>\n\t<\/div>\n\t<div class=\"cf-col-4\">\n\t\t<p>C\u00f3digo Postal* <span class=\"wpcf7-form-control-wrap\" data-name=\"CP\"><input size=\"40\" maxlength=\"400\" class=\"wpcf7-form-control wpcf7-text wpcf7-validates-as-required\" aria-required=\"true\" aria-invalid=\"false\" value=\"\" type=\"text\" name=\"CP\" \/><\/span>\n\t\t<\/p>\n\t<\/div>\n\t<div class=\"cf-col-8\">\n\t\t<p>Localidad* <span class=\"wpcf7-form-control-wrap\" data-name=\"localidad\"><input size=\"40\" maxlength=\"400\" class=\"wpcf7-form-control wpcf7-text wpcf7-validates-as-required\" aria-required=\"true\" aria-invalid=\"false\" value=\"\" type=\"text\" name=\"localidad\" \/><\/span>\n\t\t<\/p>\n\t<\/div>\n\t<div class=\"cf-col-6\">\n\t\t<p>Provincia* <span class=\"wpcf7-form-control-wrap\" data-name=\"provincia\"><input size=\"40\" maxlength=\"400\" class=\"wpcf7-form-control wpcf7-text wpcf7-validates-as-required\" aria-required=\"true\" aria-invalid=\"false\" value=\"\" type=\"text\" name=\"provincia\" \/><\/span>\n\t\t<\/p>\n\t<\/div>\n\t<div class=\"cf-col-6\">\n\t\t<p>Pa\u00eds* <span class=\"wpcf7-form-control-wrap\" data-name=\"pais\"><input size=\"40\" maxlength=\"400\" class=\"wpcf7-form-control wpcf7-text wpcf7-validates-as-required\" aria-required=\"true\" aria-invalid=\"false\" value=\"\" type=\"text\" name=\"pais\" \/><\/span>\n\t\t<\/p>\n\t<\/div>\n<\/div>\n<p><span class=\"wpcf7-form-control-wrap\" data-name=\"PoliticaPrivacidad\"><span class=\"wpcf7-form-control wpcf7-acceptance\"><span class=\"wpcf7-list-item\"><input type=\"checkbox\" name=\"PoliticaPrivacidad\" value=\"1\" aria-invalid=\"false\" \/><\/span><\/span><\/span> He le\u00eddo y acepto la <a href=\"https:\/\/www.asturforesta.es\/politica-de-privacidad\/\" target=\"_blank\">Pol\u00edtica de Privacidad.<\/a><br \/>\n<hr \/><br \/>\nConforme a la Ley Org\u00e1nica 3\/2018 de 5 de diciembre de protecci\u00f3n de datos y garant\u00eda de los derechos digitales queda usted informado que los datos utilizados para el env\u00edo de esta comunicaci\u00f3n forman parte de una base de datos de la Agencia de Desarrollo Local de Tineo y ser\u00e1n usados \u00fanicamente para administraci\u00f3n del Servicio ser\u00e1n incorporados a un fichero automatizado de datos de car\u00e1cter personal creado por el Ayuntamiento de Tineo y bajo su responsabilidad, por ser necesarios para la gesti\u00f3n de sus consultas, solicitudes de informaci\u00f3n o reclamaciones sobre los Servicios del Ayuntamiento de Tineo.\n<\/p>\n<p>Se informa al Cliente de su facultad de ejercer en cualquier momento los derechos de acceso, rectificaci\u00f3n, oposici\u00f3n y cancelaci\u00f3n, debiendo dirigirse a tal fin en la forma y condiciones previstas en la citada normativa a el Ayuntamiento de Tineo, Agencia de Desarrollo Local, Pol\u00edgono Industrial La Curiscada, 33877 Tineo, Asturias. Tel\u00e9fono 985 801 976.\n<\/p>\n<p><input class=\"wpcf7-form-control wpcf7-submit has-spinner\" type=\"submit\" value=\"Enviar\" \/>\n<\/p><div class=\"fusion-alert alert custom alert-custom fusion-alert-center wpcf7-response-output awb-alert-native-link-color alert-dismissable awb-alert-close-boxed\" style=\"--awb-border-size:1px;--awb-border-top-left-radius:0px;--awb-border-top-right-radius:0px;--awb-border-bottom-left-radius:0px;--awb-border-bottom-right-radius:0px;\" role=\"alert\"><div class=\"fusion-alert-content-wrapper\"><span class=\"fusion-alert-content\"><\/span><\/div><button type=\"button\" class=\"close toggle-alert\" data-dismiss=\"alert\" aria-label=\"Close\">&times;<\/button><\/div>\n<\/form>\n<\/div>\n<\/div><\/div><\/div><\/div>\n","protected":false},"excerpt":{"rendered":"","protected":false},"author":3,"featured_media":0,"parent":0,"menu_order":0,"comment_status":"closed","ping_status":"closed","template":"","meta":{"footnotes":""},"class_list":["post-11990","page","type-page","status-publish","hentry"],"yoast_head":"<!-- This site is optimized with the Yoast SEO plugin v27.1.1 - https:\/\/yoast.com\/product\/yoast-seo-wordpress\/ -->\n<title>Accr\u00e9ditation presse - Asturforesta<\/title>\n<meta name=\"robots\" content=\"index, follow, max-snippet:-1, max-image-preview:large, max-video-preview:-1\" \/>\n<link rel=\"canonical\" href=\"https:\/\/www.asturforesta.es\/fr\/accreditation-presse\/\" \/>\n<meta property=\"og:locale\" content=\"fr_FR\" \/>\n<meta property=\"og:type\" content=\"article\" \/>\n<meta property=\"og:title\" content=\"Accr\u00e9ditation presse - Asturforesta\" \/>\n<meta property=\"og:url\" content=\"https:\/\/www.asturforesta.es\/fr\/accreditation-presse\/\" \/>\n<meta property=\"og:site_name\" content=\"Asturforesta\" \/>\n<meta property=\"article:publisher\" content=\"https:\/\/www.facebook.com\/Asturforesta-712870052165199\/\" \/>\n<meta property=\"article:modified_time\" content=\"2023-05-17T08:36:15+00:00\" \/>\n<meta name=\"twitter:card\" content=\"summary_large_image\" \/>\n<meta name=\"twitter:site\" content=\"@Asturforesta\" \/>\n<meta name=\"twitter:label1\" content=\"Est. reading time\" \/>\n\t<meta name=\"twitter:data1\" content=\"11 minutes\" \/>\n<script type=\"application\/ld+json\" class=\"yoast-schema-graph\">{\"@context\":\"https:\/\/schema.org\",\"@graph\":[{\"@type\":\"WebPage\",\"@id\":\"https:\/\/www.asturforesta.es\/fr\/accreditation-presse\/\",\"url\":\"https:\/\/www.asturforesta.es\/fr\/accreditation-presse\/\",\"name\":\"Accr\u00e9ditation presse - Asturforesta\",\"isPartOf\":{\"@id\":\"https:\/\/www.asturforesta.es\/fr\/#website\"},\"datePublished\":\"2023-05-17T07:41:53+00:00\",\"dateModified\":\"2023-05-17T08:36:15+00:00\",\"breadcrumb\":{\"@id\":\"https:\/\/www.asturforesta.es\/fr\/accreditation-presse\/#breadcrumb\"},\"inLanguage\":\"fr-FR\",\"potentialAction\":[{\"@type\":\"ReadAction\",\"target\":[\"https:\/\/www.asturforesta.es\/fr\/accreditation-presse\/\"]}]},{\"@type\":\"BreadcrumbList\",\"@id\":\"https:\/\/www.asturforesta.es\/fr\/accreditation-presse\/#breadcrumb\",\"itemListElement\":[{\"@type\":\"ListItem\",\"position\":1,\"name\":\"Portada\",\"item\":\"https:\/\/www.asturforesta.es\/fr\/\"},{\"@type\":\"ListItem\",\"position\":2,\"name\":\"Accr\u00e9ditation presse\"}]},{\"@type\":\"WebSite\",\"@id\":\"https:\/\/www.asturforesta.es\/fr\/#website\",\"url\":\"https:\/\/www.asturforesta.es\/fr\/\",\"name\":\"Asturforesta\",\"description\":\"Feria forestal internacional\",\"potentialAction\":[{\"@type\":\"SearchAction\",\"target\":{\"@type\":\"EntryPoint\",\"urlTemplate\":\"https:\/\/www.asturforesta.es\/fr\/?s={search_term_string}\"},\"query-input\":{\"@type\":\"PropertyValueSpecification\",\"valueRequired\":true,\"valueName\":\"search_term_string\"}}],\"inLanguage\":\"fr-FR\"}]}<\/script>\n<!-- \/ Yoast SEO plugin. -->","yoast_head_json":{"title":"Accr\u00e9ditation presse - Asturforesta","robots":{"index":"index","follow":"follow","max-snippet":"max-snippet:-1","max-image-preview":"max-image-preview:large","max-video-preview":"max-video-preview:-1"},"canonical":"https:\/\/www.asturforesta.es\/fr\/accreditation-presse\/","og_locale":"fr_FR","og_type":"article","og_title":"Accr\u00e9ditation presse - Asturforesta","og_url":"https:\/\/www.asturforesta.es\/fr\/accreditation-presse\/","og_site_name":"Asturforesta","article_publisher":"https:\/\/www.facebook.com\/Asturforesta-712870052165199\/","article_modified_time":"2023-05-17T08:36:15+00:00","twitter_card":"summary_large_image","twitter_site":"@Asturforesta","twitter_misc":{"Est. reading time":"11 minutes"},"schema":{"@context":"https:\/\/schema.org","@graph":[{"@type":"WebPage","@id":"https:\/\/www.asturforesta.es\/fr\/accreditation-presse\/","url":"https:\/\/www.asturforesta.es\/fr\/accreditation-presse\/","name":"Accr\u00e9ditation presse - Asturforesta","isPartOf":{"@id":"https:\/\/www.asturforesta.es\/fr\/#website"},"datePublished":"2023-05-17T07:41:53+00:00","dateModified":"2023-05-17T08:36:15+00:00","breadcrumb":{"@id":"https:\/\/www.asturforesta.es\/fr\/accreditation-presse\/#breadcrumb"},"inLanguage":"fr-FR","potentialAction":[{"@type":"ReadAction","target":["https:\/\/www.asturforesta.es\/fr\/accreditation-presse\/"]}]},{"@type":"BreadcrumbList","@id":"https:\/\/www.asturforesta.es\/fr\/accreditation-presse\/#breadcrumb","itemListElement":[{"@type":"ListItem","position":1,"name":"Portada","item":"https:\/\/www.asturforesta.es\/fr\/"},{"@type":"ListItem","position":2,"name":"Accr\u00e9ditation presse"}]},{"@type":"WebSite","@id":"https:\/\/www.asturforesta.es\/fr\/#website","url":"https:\/\/www.asturforesta.es\/fr\/","name":"Asturforesta","description":"Feria forestal internacional","potentialAction":[{"@type":"SearchAction","target":{"@type":"EntryPoint","urlTemplate":"https:\/\/www.asturforesta.es\/fr\/?s={search_term_string}"},"query-input":{"@type":"PropertyValueSpecification","valueRequired":true,"valueName":"search_term_string"}}],"inLanguage":"fr-FR"}]}},"_links":{"self":[{"href":"https:\/\/www.asturforesta.es\/fr\/wp-json\/wp\/v2\/pages\/11990","targetHints":{"allow":["GET"]}}],"collection":[{"href":"https:\/\/www.asturforesta.es\/fr\/wp-json\/wp\/v2\/pages"}],"about":[{"href":"https:\/\/www.asturforesta.es\/fr\/wp-json\/wp\/v2\/types\/page"}],"author":[{"embeddable":true,"href":"https:\/\/www.asturforesta.es\/fr\/wp-json\/wp\/v2\/users\/3"}],"replies":[{"embeddable":true,"href":"https:\/\/www.asturforesta.es\/fr\/wp-json\/wp\/v2\/comments?post=11990"}],"version-history":[{"count":2,"href":"https:\/\/www.asturforesta.es\/fr\/wp-json\/wp\/v2\/pages\/11990\/revisions"}],"predecessor-version":[{"id":11992,"href":"https:\/\/www.asturforesta.es\/fr\/wp-json\/wp\/v2\/pages\/11990\/revisions\/11992"}],"wp:attachment":[{"href":"https:\/\/www.asturforesta.es\/fr\/wp-json\/wp\/v2\/media?parent=11990"}],"curies":[{"name":"wp","href":"https:\/\/api.w.org\/{rel}","templated":true}]}}