{"id":11892,"date":"2023-02-20T17:06:06","date_gmt":"2023-02-20T17:06:06","guid":{"rendered":"https:\/\/www.asturforesta.es\/billets-en-ligne\/"},"modified":"2025-02-20T08:58:30","modified_gmt":"2025-02-20T08:58:30","slug":"billets-en-ligne","status":"publish","type":"page","link":"https:\/\/www.asturforesta.es\/fr\/billets-en-ligne\/","title":{"rendered":"Billets en ligne"},"content":{"rendered":"<p><div class=\"fusion-fullwidth fullwidth-box fusion-builder-row-1 fusion-flex-container has-pattern-background has-mask-background nonhundred-percent-fullwidth non-hundred-percent-height-scrolling\" style=\"--awb-border-radius-top-left:0px;--awb-border-radius-top-right:0px;--awb-border-radius-bottom-right:0px;--awb-border-radius-bottom-left:0px;--awb-flex-wrap:wrap;\" ><div class=\"fusion-builder-row fusion-row fusion-flex-align-items-flex-start fusion-flex-content-wrap\" style=\"max-width:1248px;margin-left: calc(-4% \/ 2 );margin-right: calc(-4% \/ 2 );\"><div class=\"fusion-layout-column fusion_builder_column fusion-builder-column-0 fusion_builder_column_1_6 1_6 fusion-flex-column\" style=\"--awb-bg-size:cover;--awb-width-large:16.666666666667%;--awb-margin-top-large:0px;--awb-spacing-right-large:11.52%;--awb-margin-bottom-large:20px;--awb-spacing-left-large:11.52%;--awb-width-medium:16.666666666667%;--awb-order-medium:0;--awb-spacing-right-medium:11.52%;--awb-spacing-left-medium:11.52%;--awb-width-small:100%;--awb-order-small:0;--awb-spacing-right-small:1.92%;--awb-spacing-left-small:1.92%;\"><div class=\"fusion-column-wrapper fusion-column-has-shadow fusion-flex-justify-content-flex-start fusion-content-layout-column\"><\/div><\/div><div class=\"fusion-layout-column fusion_builder_column fusion-builder-column-1 fusion_builder_column_3_4 3_4 fusion-flex-column\" style=\"--awb-bg-size:cover;--awb-width-large:75%;--awb-margin-top-large:0px;--awb-spacing-right-large:2.56%;--awb-margin-bottom-large:20px;--awb-spacing-left-large:2.56%;--awb-width-medium:75%;--awb-order-medium:0;--awb-spacing-right-medium:2.56%;--awb-spacing-left-medium:2.56%;--awb-width-small:100%;--awb-order-small:0;--awb-spacing-right-small:1.92%;--awb-spacing-left-small:1.92%;\"><div class=\"fusion-column-wrapper fusion-column-has-shadow fusion-flex-justify-content-flex-start fusion-content-layout-column\"><div class=\"fusion-title title fusion-title-1 fusion-sep-none fusion-title-text fusion-title-size-one\" style=\"--awb-margin-bottom:0PX;--awb-font-size:29px;\"><h1 class=\"fusion-title-heading title-heading-left\" style=\"margin:0;text-transform:uppercase;font-size:1em;\"><strong>billets en ligne<\/strong><\/h1><\/div><div class=\"fusion-title title fusion-title-2 fusion-sep-none fusion-title-text fusion-title-size-three\" style=\"--awb-text-color:var(--awb-color3);--awb-margin-top:15PX;--awb-margin-bottom:7px;--awb-sep-color:var(--awb-color6);--awb-font-size:19PX;\"><h3 class=\"fusion-title-heading title-heading-left\" style=\"font-family:&quot;Oswald&quot;;font-style:normal;font-weight:300;margin:0;text-transform:uppercase;font-size:1em;\"><p style=\"text-align: left;\"><strong>Demandez votre billet en ligne gratuit pour Asturforesta<\/strong><\/p><\/h3><\/div><div class=\"fusion-separator\" style=\"align-self: flex-start;margin-right:auto;margin-bottom:10px;width:100%;max-width:80%;\"><div class=\"fusion-separator-border sep-single sep-solid\" style=\"--awb-height:20px;--awb-amount:20px;--awb-sep-color:var(--awb-color4);border-color:var(--awb-color4);border-top-width:1px;\"><\/div><\/div><\/div><\/div><\/div><\/div><div class=\"fusion-fullwidth fullwidth-box fusion-builder-row-2 fusion-flex-container has-pattern-background has-mask-background nonhundred-percent-fullwidth non-hundred-percent-height-scrolling\" style=\"--awb-border-radius-top-left:0px;--awb-border-radius-top-right:0px;--awb-border-radius-bottom-right:0px;--awb-border-radius-bottom-left:0px;--awb-flex-wrap:wrap;\" ><div class=\"fusion-builder-row fusion-row fusion-flex-align-items-flex-start fusion-flex-content-wrap\" style=\"max-width:1248px;margin-left: calc(-4% \/ 2 );margin-right: calc(-4% \/ 2 );\"><div class=\"fusion-layout-column fusion_builder_column fusion-builder-column-2 fusion_builder_column_1_6 1_6 fusion-flex-column\" style=\"--awb-padding-top:10px;--awb-padding-right:10px;--awb-padding-bottom:10px;--awb-padding-left:10px;--awb-overflow:hidden;--awb-bg-color:var(--awb-color4);--awb-bg-color-hover:var(--awb-color4);--awb-bg-size:cover;--awb-border-radius:3px 3px 3px 3px;--awb-width-large:16.666666666667%;--awb-margin-top-large:0px;--awb-spacing-right-large:11.52%;--awb-margin-bottom-large:20px;--awb-spacing-left-large:11.52%;--awb-width-medium:16.666666666667%;--awb-order-medium:0;--awb-spacing-right-medium:11.52%;--awb-spacing-left-medium:11.52%;--awb-width-small:100%;--awb-order-small:0;--awb-spacing-right-small:1.92%;--awb-spacing-left-small:1.92%;\"><div class=\"fusion-column-wrapper fusion-column-has-shadow fusion-flex-justify-content-flex-start fusion-content-layout-column\"><i class=\"fb-icon-element-1 fb-icon-element fontawesome-icon fa-ticket-alt fas circle-yes\" style=\"--awb-circlecolor:var(--awb-color4);--awb-circlebordercolor:var(--awb-color4);--awb-circlebordersize:1px;--awb-font-size:70.4px;--awb-width:140.8px;--awb-height:140.8px;--awb-line-height:138.8px;--awb-border-radius-top-l:10px;--awb-border-radius-top-r:10px;--awb-border-radius-bot-r:10px;--awb-border-radius-bot-l:10px;--awb-align-self:center;--awb-margin-top:0px;--awb-margin-right:0px;--awb-margin-bottom:5px;--awb-margin-left:0px;\"><\/i><\/div><\/div><div class=\"fusion-layout-column fusion_builder_column fusion-builder-column-3 fusion_builder_column_3_4 3_4 fusion-flex-column\" style=\"--awb-padding-top:20px;--awb-padding-right:20px;--awb-padding-bottom:20px;--awb-padding-left:20px;--awb-bg-color:#efefef;--awb-bg-color-hover:#efefef;--awb-bg-size:cover;--awb-width-large:75%;--awb-margin-top-large:0px;--awb-spacing-right-large:2.56%;--awb-margin-bottom-large:20px;--awb-spacing-left-large:2.56%;--awb-width-medium:75%;--awb-order-medium:0;--awb-spacing-right-medium:2.56%;--awb-spacing-left-medium:2.56%;--awb-width-small:100%;--awb-order-small:0;--awb-spacing-right-small:1.92%;--awb-spacing-left-small:1.92%;\"><div class=\"fusion-column-wrapper fusion-column-has-shadow fusion-flex-justify-content-flex-start fusion-content-layout-column\"><div class=\"fusion-title title fusion-title-3 fusion-sep-none fusion-title-text fusion-title-size-three\" style=\"--awb-text-color:var(--awb-color4);--awb-font-size:21px;\"><h3 class=\"fusion-title-heading title-heading-left\" style=\"font-family:&quot;Oswald&quot;;font-style:normal;font-weight:400;margin:0;font-size:1em;\">\u00cates-vous un professionnel du secteur forestier?<\/h3><\/div><div class=\"accordian fusion-accordian\" style=\"--awb-border-size:1px;--awb-icon-size:16px;--awb-content-font-size:15px;--awb-icon-alignment:left;--awb-hover-color:var(--awb-color2);--awb-border-color:var(--awb-color3);--awb-background-color:var(--awb-color1);--awb-divider-color:var(--awb-color3);--awb-divider-hover-color:var(--awb-color3);--awb-icon-color:var(--awb-color3);--awb-title-color:var(--awb-color3);--awb-content-color:var(--awb-color3);--awb-icon-box-color:var(--awb-color8);--awb-toggle-hover-accent-color:var(--awb-color4);--awb-title-font-family:&quot;Oswald&quot;;--awb-title-font-weight:300;--awb-title-font-style:normal;--awb-title-font-size:19px;--awb-title-letter-spacing:var(--awb-typography1-letter-spacing);--awb-title-line-height:var(--awb-typography1-line-height);--awb-content-font-family:&quot;Lato&quot;;--awb-content-font-style:normal;--awb-content-font-weight:400;\"><div class=\"panel-group fusion-toggle-icon-unboxed\" id=\"accordion-11892-1\"><div class=\"fusion-panel panel-default panel-0736efebecfbe67be fusion-toggle-no-divider\" style=\"--awb-title-color:var(--awb-color8);--awb-content-color:var(--awb-color8);\"><div class=\"panel-heading\"><h4 class=\"panel-title toggle\" id=\"toggle_0736efebecfbe67be\"><a aria-expanded=\"false\" aria-controls=\"0736efebecfbe67be\" role=\"button\" data-toggle=\"collapse\" data-parent=\"#accordion-11892-1\" data-target=\"#0736efebecfbe67be\" href=\"#0736efebecfbe67be\"><span class=\"fusion-toggle-icon-wrapper\" aria-hidden=\"true\"><i class=\"fa-fusion-box active-icon fa-check-circle fas\" aria-hidden=\"true\"><\/i><i class=\"fa-fusion-box inactive-icon fa-dot-circle fas\" aria-hidden=\"true\"><\/i><\/span><span class=\"fusion-toggle-heading\">Oui, je suis un professionnel du secteur<\/span><\/a><\/h4><\/div><div id=\"0736efebecfbe67be\" class=\"panel-collapse collapse \" aria-labelledby=\"toggle_0736efebecfbe67be\"><div class=\"panel-body toggle-content fusion-clearfix\">\n<p align=\"justify\">Si vous \u00eates un professionnel et souhaitez acc\u00e9der au site Asturforesta, remplissez le formulaire suivant et nous vous enverrons par email un billet en ligne enti\u00e8rement gratuit pour cette \u00e9dition. Enregistrez le billet sur votre mobile et acc\u00e9dez en pr\u00e9sentant le QR code que vous recevrez.<\/p>\n<p><strong>Merci d&#8217;\u00eatre venu \u00e0 Asturforesta. <\/strong><\/p>\n<div class='container'>\t<div><!-- de formulario -->\r\n\r\n\t\r\n\t\r\n\t\t<div style='width:70%;padding-top:50px;'>\r\n\r\n\t\t\r\n\t\t<div class='wrap wpcf7-form init' style='padding:10px 20px 0 20px;'>\r\n\t\t<form  method='post' > <!--action='tickets'-->\r\n\t\t\t<div class=\"cf-container\">\r\n\t\t\t\t<div class=\"cf-col-12\"><i>* Los campos son obligatorios.<\/i><\/div>\r\n\t\t\t\t<div class=\"cf-col-6\">Nombre *<br \/>\r\n\t\t\t\t<span class=\"wpcf7-form-control-wrap nombre\"><input type='text' id='nombre' name='nombre' required \/><\/span> <\/div>\r\n\t\t\t\r\n\t\t\t\t<div class=\"cf-col-6\"> Apellidos *<br \/>\r\n\t\t\t\t<span class=\"wpcf7-form-control-wrap apellidos\"><input type='text' id='apellidos' name='apellidos' style='width:350px;' required \/><\/span> <\/div>\r\n\r\n\t\t\t\t<div class=\"cf-col-3\"> DNI *<br \/>\r\n\t\t\t\t<span class=\"wpcf7-form-control-wrap dni\"><input type='text' id='dni' name='dni' required \/><\/span> <\/div>\r\n\t\t\t\t\r\n\t\t\t\t\r\n\t\t\t\t<div class=\"cf-col-3\"> Tel\u00e9fono<br \/>\r\n\t\t\t\t<span class=\"wpcf7-form-control-wrap tel\"><input type='tel' id='tel' name='tel' \/><\/span> <\/div>\r\n\t\t\t\t\r\n\t\t\t\t<div class=\"cf-col-6\"> Email *<br \/>\r\n\t\t\t\t<span class=\"wpcf7-form-control-wrap email\"><input type='email' id='email' name='email' style='width:350px;' required\/><\/span> <\/div>\t\t\r\n\t\t\t<\/div>\r\n\t\t\t\r\n\t\t\t\t<br\/><br\/>\r\n\t\t\t\r\n\t\t\t<div class=\"cf-container\">\t\r\n\t\t\t\t<div class=\"cf-col-6\"> Empresa *<br \/>\r\n\t\t\t\t<span class=\"wpcf7-form-control-wrap empresa\"><input type='text' id='empresa' name='empresa' required \/><\/span> <\/div>\t\t\t\t\t\r\n\t\t\t\t\r\n\t\t\t\t<div class=\"cf-col-6\"> Cargo<br \/>\r\n\t\t\t\t<span class=\"wpcf7-form-control-wrap cargo\"><input type='text' id='cargo' name='cargo' style='width:350px;' \/><\/span> <\/div>\r\n\t\t\t<\/div>\r\n\t\t\t\r\n\t\t\t\t<br\/><br\/>\r\n\t\t\t\r\n\t\t\t<div class=\"cf-container\">\t\r\n\t\t\t\t<div class=\"cf-col-12\"> Direcci\u00f3n<br \/>\r\n\t\t\t\t<span class=\"wpcf7-form-control-wrap direccion\"><input type='text' id='direccion' name='direccion' \/><\/span> <\/div>\r\n\t\t\t\t\r\n\t\t\t\t\r\n\t\t\t\t<div class=\"cf-col-4\"> C\u00f3digo Postal<br \/>\r\n\t\t\t\t<span class=\"wpcf7-form-control-wrap codigopostal\"><input type='text' id='codigopostal' name='codigopostal' \/><\/span> <\/div>\r\n\t\t\t\t\r\n\t\t\t\t<div class=\"cf-col-8\"> Poblaci\u00f3n<br \/>\r\n\t\t\t\t<span class=\"wpcf7-form-control-wrap poblacion\"><input type='text' id='poblacion' name='poblacion' \/><\/span> <\/div>\r\n\t\t\t\t\r\n\t\t\t\t<div class=\"cf-col-7\"> Provincia *<br \/>\r\n\t\t\t\t<span class=\"wpcf7-form-control-wrap provincia\"><input type='text' id='provincia' name='provincia' required \/><\/span> <\/div>\r\n\t\t\t\t\r\n\t\t\t\t<div class=\"cf-col-5\"> Pa\u00eds *<br \/>\r\n\t\t\t\t<span class=\"wpcf7-form-control-wrap pais\"><input type='text' id='pais' name='pais' required \/><\/span> <\/div>\r\n\t\t\t<\/div>\r\n\t\t\t\r\n\t\t\t\t<br\/><br\/>\r\n\t\t\t\r\n\t\t\t<div class=\"cf-container\">\t\r\n\t\t\t\t<div  class=\"cf-col-6\"><label for='captcha' >\u00bfEres un robot? Introduce el c\u00f3digo de la imagen<br\/>\r\n\t\t\t\t\t<input type=\"text\" name=\"captcha\" id=\"captcha\" maxlength=\"6\" size=\"6\" required \/>\r\n\t\t\t\t\t<img decoding=\"async\" src=\"https:\/\/www.asturforesta.es\/captcha.php\" width=\"100\" \/><\/label><\/div>\r\n\t\t\t\t<div  class=\"cf-col-6\"><\/div>\r\n\t\t\t<\/div>\r\n\t\t\t\r\n\t\t\t\t<br\/><br\/>\r\n\t\t\t\t\t\t\r\n\t\t\t\r\n\t\t\t<div class=\"cf-container\">\t\r\n\t\t\t\t<div class=\"cf-col-12\"><input type=\"checkbox\" required>&nbsp;<label> Acepto la <a href=\"\/politica-de-privacidad\/\" target=\"_blank\">pol\u00edtica de privacidad<\/a><\/label><\/div>\r\n\t\t\t<\/div>\t\r\n\t\t\t\r\n\t\t\t\r\n\t\t\t<br\/><br\/>\r\n\t\t\t\r\n\t\t\t\r\n\t\t\t<input type='hidden' id='estado' name='estado' value='1'\/>\r\n\t\t\t<input type='hidden' id='registro' name='registro' value='web'\/>\r\n\t\t\t<input type='hidden' id='op'       name='op'       value=4 \/>\r\n\t\t\t\r\n\t\t\t<div style='width:70%;margin-bottom:30px;text-align:left;'>\r\n\t\t\t<input type='submit' value='Solicitar' class='button'>\r\n\t\t\t<\/div>\r\n\t\t<\/form>\r\n\t\t\r\n\t\t<\/div>\r\n\t\r\n\t\t<\/div>\r\n\t\t\r\n\t<\/div><!-- de formulario -->\r\n\t<\/div>\n<\/div><\/div><\/div><div class=\"fusion-panel panel-default panel-fc3661836f70fbb31 fusion-toggle-no-divider\" style=\"--awb-title-color:var(--awb-color8);--awb-content-color:var(--awb-color8);\"><div class=\"panel-heading\"><h4 class=\"panel-title toggle\" id=\"toggle_fc3661836f70fbb31\"><a aria-expanded=\"false\" aria-controls=\"fc3661836f70fbb31\" role=\"button\" data-toggle=\"collapse\" data-parent=\"#accordion-11892-1\" data-target=\"#fc3661836f70fbb31\" href=\"#fc3661836f70fbb31\"><span class=\"fusion-toggle-icon-wrapper\" aria-hidden=\"true\"><i class=\"fa-fusion-box active-icon fa-check-circle fas\" aria-hidden=\"true\"><\/i><i class=\"fa-fusion-box inactive-icon fa-dot-circle fas\" aria-hidden=\"true\"><\/i><\/span><span class=\"fusion-toggle-heading\">Non, je ne le suis pas<\/span><\/a><\/h4><\/div><div id=\"fc3661836f70fbb31\" class=\"panel-collapse collapse \" aria-labelledby=\"toggle_fc3661836f70fbb31\"><div class=\"panel-body toggle-content fusion-clearfix\">\n<p align=\"justify\">Ce Salon s&#8217;adresse uniquement aux professionnels li\u00e9s au secteur forestier.<\/p>\n<p><strong>Merci pour votre int\u00e9r\u00eat. <\/strong><\/p>\n<\/div><\/div><\/div><\/div><\/div><\/div><\/div><\/div><\/div><\/p>\n","protected":false},"excerpt":{"rendered":"","protected":false},"author":3,"featured_media":0,"parent":0,"menu_order":0,"comment_status":"closed","ping_status":"closed","template":"","meta":{"footnotes":""},"class_list":["post-11892","page","type-page","status-publish","hentry"],"yoast_head":"<!-- This site is optimized with the Yoast SEO plugin v27.1.1 - https:\/\/yoast.com\/product\/yoast-seo-wordpress\/ -->\n<title>Billets en ligne - Asturforesta<\/title>\n<meta name=\"robots\" content=\"index, follow, max-snippet:-1, max-image-preview:large, max-video-preview:-1\" \/>\n<link rel=\"canonical\" href=\"https:\/\/www.asturforesta.es\/fr\/billets-en-ligne\/\" \/>\n<meta property=\"og:locale\" content=\"fr_FR\" \/>\n<meta property=\"og:type\" content=\"article\" \/>\n<meta property=\"og:title\" content=\"Billets en ligne - Asturforesta\" \/>\n<meta property=\"og:url\" content=\"https:\/\/www.asturforesta.es\/fr\/billets-en-ligne\/\" \/>\n<meta property=\"og:site_name\" content=\"Asturforesta\" \/>\n<meta property=\"article:publisher\" content=\"https:\/\/www.facebook.com\/Asturforesta-712870052165199\/\" \/>\n<meta property=\"article:modified_time\" content=\"2025-02-20T08:58:30+00:00\" \/>\n<meta name=\"twitter:card\" content=\"summary_large_image\" \/>\n<meta name=\"twitter:site\" content=\"@Asturforesta\" \/>\n<meta name=\"twitter:label1\" content=\"Est. reading time\" \/>\n\t<meta name=\"twitter:data1\" content=\"5 minutes\" \/>\n<script type=\"application\/ld+json\" class=\"yoast-schema-graph\">{\"@context\":\"https:\/\/schema.org\",\"@graph\":[{\"@type\":\"WebPage\",\"@id\":\"https:\/\/www.asturforesta.es\/fr\/billets-en-ligne\/\",\"url\":\"https:\/\/www.asturforesta.es\/fr\/billets-en-ligne\/\",\"name\":\"Billets en ligne - Asturforesta\",\"isPartOf\":{\"@id\":\"https:\/\/www.asturforesta.es\/fr\/#website\"},\"datePublished\":\"2023-02-20T17:06:06+00:00\",\"dateModified\":\"2025-02-20T08:58:30+00:00\",\"breadcrumb\":{\"@id\":\"https:\/\/www.asturforesta.es\/fr\/billets-en-ligne\/#breadcrumb\"},\"inLanguage\":\"fr-FR\",\"potentialAction\":[{\"@type\":\"ReadAction\",\"target\":[\"https:\/\/www.asturforesta.es\/fr\/billets-en-ligne\/\"]}]},{\"@type\":\"BreadcrumbList\",\"@id\":\"https:\/\/www.asturforesta.es\/fr\/billets-en-ligne\/#breadcrumb\",\"itemListElement\":[{\"@type\":\"ListItem\",\"position\":1,\"name\":\"Portada\",\"item\":\"https:\/\/www.asturforesta.es\/fr\/\"},{\"@type\":\"ListItem\",\"position\":2,\"name\":\"Billets en ligne\"}]},{\"@type\":\"WebSite\",\"@id\":\"https:\/\/www.asturforesta.es\/fr\/#website\",\"url\":\"https:\/\/www.asturforesta.es\/fr\/\",\"name\":\"Asturforesta\",\"description\":\"Feria forestal internacional\",\"potentialAction\":[{\"@type\":\"SearchAction\",\"target\":{\"@type\":\"EntryPoint\",\"urlTemplate\":\"https:\/\/www.asturforesta.es\/fr\/?s={search_term_string}\"},\"query-input\":{\"@type\":\"PropertyValueSpecification\",\"valueRequired\":true,\"valueName\":\"search_term_string\"}}],\"inLanguage\":\"fr-FR\"}]}<\/script>\n<!-- \/ Yoast SEO plugin. -->","yoast_head_json":{"title":"Billets en ligne - Asturforesta","robots":{"index":"index","follow":"follow","max-snippet":"max-snippet:-1","max-image-preview":"max-image-preview:large","max-video-preview":"max-video-preview:-1"},"canonical":"https:\/\/www.asturforesta.es\/fr\/billets-en-ligne\/","og_locale":"fr_FR","og_type":"article","og_title":"Billets en ligne - Asturforesta","og_url":"https:\/\/www.asturforesta.es\/fr\/billets-en-ligne\/","og_site_name":"Asturforesta","article_publisher":"https:\/\/www.facebook.com\/Asturforesta-712870052165199\/","article_modified_time":"2025-02-20T08:58:30+00:00","twitter_card":"summary_large_image","twitter_site":"@Asturforesta","twitter_misc":{"Est. reading time":"5 minutes"},"schema":{"@context":"https:\/\/schema.org","@graph":[{"@type":"WebPage","@id":"https:\/\/www.asturforesta.es\/fr\/billets-en-ligne\/","url":"https:\/\/www.asturforesta.es\/fr\/billets-en-ligne\/","name":"Billets en ligne - Asturforesta","isPartOf":{"@id":"https:\/\/www.asturforesta.es\/fr\/#website"},"datePublished":"2023-02-20T17:06:06+00:00","dateModified":"2025-02-20T08:58:30+00:00","breadcrumb":{"@id":"https:\/\/www.asturforesta.es\/fr\/billets-en-ligne\/#breadcrumb"},"inLanguage":"fr-FR","potentialAction":[{"@type":"ReadAction","target":["https:\/\/www.asturforesta.es\/fr\/billets-en-ligne\/"]}]},{"@type":"BreadcrumbList","@id":"https:\/\/www.asturforesta.es\/fr\/billets-en-ligne\/#breadcrumb","itemListElement":[{"@type":"ListItem","position":1,"name":"Portada","item":"https:\/\/www.asturforesta.es\/fr\/"},{"@type":"ListItem","position":2,"name":"Billets en ligne"}]},{"@type":"WebSite","@id":"https:\/\/www.asturforesta.es\/fr\/#website","url":"https:\/\/www.asturforesta.es\/fr\/","name":"Asturforesta","description":"Feria forestal internacional","potentialAction":[{"@type":"SearchAction","target":{"@type":"EntryPoint","urlTemplate":"https:\/\/www.asturforesta.es\/fr\/?s={search_term_string}"},"query-input":{"@type":"PropertyValueSpecification","valueRequired":true,"valueName":"search_term_string"}}],"inLanguage":"fr-FR"}]}},"_links":{"self":[{"href":"https:\/\/www.asturforesta.es\/fr\/wp-json\/wp\/v2\/pages\/11892","targetHints":{"allow":["GET"]}}],"collection":[{"href":"https:\/\/www.asturforesta.es\/fr\/wp-json\/wp\/v2\/pages"}],"about":[{"href":"https:\/\/www.asturforesta.es\/fr\/wp-json\/wp\/v2\/types\/page"}],"author":[{"embeddable":true,"href":"https:\/\/www.asturforesta.es\/fr\/wp-json\/wp\/v2\/users\/3"}],"replies":[{"embeddable":true,"href":"https:\/\/www.asturforesta.es\/fr\/wp-json\/wp\/v2\/comments?post=11892"}],"version-history":[{"count":7,"href":"https:\/\/www.asturforesta.es\/fr\/wp-json\/wp\/v2\/pages\/11892\/revisions"}],"predecessor-version":[{"id":12388,"href":"https:\/\/www.asturforesta.es\/fr\/wp-json\/wp\/v2\/pages\/11892\/revisions\/12388"}],"wp:attachment":[{"href":"https:\/\/www.asturforesta.es\/fr\/wp-json\/wp\/v2\/media?parent=11892"}],"curies":[{"name":"wp","href":"https:\/\/api.w.org\/{rel}","templated":true}]}}