{"id":11285,"date":"2022-06-22T19:35:11","date_gmt":"2022-06-22T19:35:11","guid":{"rendered":"https:\/\/www.asturforesta.es\/liste-des-codes\/"},"modified":"2022-11-24T08:13:51","modified_gmt":"2022-11-24T08:13:51","slug":"liste-des-codes","status":"publish","type":"page","link":"https:\/\/www.asturforesta.es\/fr\/liste-des-codes\/","title":{"rendered":"Liste des codes"},"content":{"rendered":"<div class=\"fusion-fullwidth fullwidth-box fusion-builder-row-1 fusion-flex-container nonhundred-percent-fullwidth non-hundred-percent-height-scrolling\" style=\"--awb-border-radius-top-left:0px;--awb-border-radius-top-right:0px;--awb-border-radius-bottom-right:0px;--awb-border-radius-bottom-left:0px;--awb-flex-wrap:wrap;\" ><div class=\"fusion-builder-row fusion-row fusion-flex-align-items-flex-start fusion-flex-content-wrap\" style=\"max-width:1248px;margin-left: calc(-4% \/ 2 );margin-right: calc(-4% \/ 2 );\"><div class=\"fusion-layout-column fusion_builder_column fusion-builder-column-0 fusion_builder_column_1_6 1_6 fusion-flex-column fusion-column-inner-bg-wrapper\" style=\"--awb-overflow:hidden;--awb-inner-bg-color:rgba(255,255,255,0);--awb-inner-bg-color-hover:rgba(255,255,255,0);--awb-inner-bg-size:cover;--awb-border-radius:3px 3px 3px 3px;--awb-inner-bg-border-radius:3px 3px 3px 3px;--awb-inner-bg-overflow:hidden;--awb-width-large:16.666666666667%;--awb-margin-top-large:0px;--awb-spacing-right-large:11.52%;--awb-margin-bottom-large:20px;--awb-spacing-left-large:11.52%;--awb-width-medium:16.666666666667%;--awb-order-medium:0;--awb-spacing-right-medium:11.52%;--awb-spacing-left-medium:11.52%;--awb-width-small:100%;--awb-order-small:0;--awb-spacing-right-small:1.92%;--awb-spacing-left-small:1.92%;\"><span class=\"fusion-column-inner-bg hover-type-none\"><a class=\"fusion-column-anchor\" href=\"https:\/\/www.asturforesta.es\/wp-content\/uploads\/2022\/06\/Reglamento-Asturforesta-2023.pdf\" rel=\"noopener noreferrer\" target=\"_blank\"><span class=\"fusion-column-inner-bg-image\"><\/span><\/a><\/span><div class=\"fusion-column-wrapper fusion-column-has-shadow fusion-flex-justify-content-flex-start fusion-content-layout-column\"><\/div><\/div><div class=\"fusion-layout-column fusion_builder_column fusion-builder-column-1 fusion_builder_column_4_5 4_5 fusion-flex-column\" style=\"--awb-bg-size:cover;--awb-width-large:80%;--awb-margin-top-large:0px;--awb-spacing-right-large:2.4%;--awb-margin-bottom-large:20px;--awb-spacing-left-large:2.4%;--awb-width-medium:80%;--awb-order-medium:0;--awb-spacing-right-medium:2.4%;--awb-spacing-left-medium:2.4%;--awb-width-small:100%;--awb-order-small:0;--awb-spacing-right-small:1.92%;--awb-spacing-left-small:1.92%;\"><div class=\"fusion-column-wrapper fusion-column-has-shadow fusion-flex-justify-content-flex-start fusion-content-layout-column\"><div class=\"fusion-title title fusion-title-1 fusion-sep-none fusion-title-text fusion-title-size-one\" style=\"--awb-margin-bottom:0PX;--awb-font-size:29px;\"><h1 class=\"fusion-title-heading title-heading-left\" style=\"margin:0;text-transform:uppercase;font-size:1em;\"><strong>LES CODES PRODUITS \u00c0 AFFICHER<\/strong><\/h1><\/div><div class=\"fusion-title title fusion-title-2 fusion-sep-none fusion-title-text fusion-title-size-three\" style=\"--awb-text-color:var(--awb-color3);--awb-margin-top:15PX;--awb-margin-bottom:7px;--awb-sep-color:var(--awb-color6);--awb-font-size:19PX;\"><h3 class=\"fusion-title-heading title-heading-left\" style=\"font-family:&quot;Oswald&quot;;font-style:normal;font-weight:300;margin:0;text-transform:uppercase;font-size:1em;\"><p style=\"text-align: left;\"><strong>TROUVER LE CODE DU PRODUIT \u00c0 EXPOSER ET L&#8217;INS\u00c9RER DANS LE FORMULAIRE DE DEMANDE DE PARTICIPATION<\/strong><\/p><\/h3><\/div><div class=\"fusion-separator\" style=\"align-self: flex-start;margin-right:auto;width:100%;max-width:80%;\"><div class=\"fusion-separator-border sep-single sep-solid\" style=\"--awb-height:20px;--awb-amount:20px;--awb-sep-color:var(--awb-color4);border-color:var(--awb-color4);border-top-width:1px;\"><\/div><\/div><\/div><\/div><div class=\"fusion-layout-column fusion_builder_column fusion-builder-column-2 fusion_builder_column_1_5 1_5 fusion-flex-column fusion-column-inner-bg-wrapper\" style=\"--awb-overflow:hidden;--awb-inner-bg-color:rgba(255,255,255,0);--awb-inner-bg-color-hover:rgba(255,255,255,0);--awb-inner-bg-size:cover;--awb-border-radius:3px 3px 3px 3px;--awb-inner-bg-border-radius:3px 3px 3px 3px;--awb-inner-bg-overflow:hidden;--awb-width-large:20%;--awb-margin-top-large:0px;--awb-spacing-right-large:9.6%;--awb-margin-bottom-large:20px;--awb-spacing-left-large:9.6%;--awb-width-medium:20%;--awb-order-medium:0;--awb-spacing-right-medium:9.6%;--awb-spacing-left-medium:9.6%;--awb-width-small:100%;--awb-order-small:0;--awb-spacing-right-small:1.92%;--awb-spacing-left-small:1.92%;\"><span class=\"fusion-column-inner-bg hover-type-none\"><a class=\"fusion-column-anchor\" href=\"https:\/\/www.asturforesta.es\/wp-content\/uploads\/2022\/06\/Reglamento-Asturforesta-2023.pdf\" rel=\"noopener noreferrer\" target=\"_blank\"><span class=\"fusion-column-inner-bg-image\"><\/span><\/a><\/span><div class=\"fusion-column-wrapper fusion-column-has-shadow fusion-flex-justify-content-flex-start fusion-content-layout-column\"><i class=\"fb-icon-element-1 fb-icon-element fontawesome-icon fa-tasks fas circle-yes\" style=\"--awb-iconcolor:var(--awb-color6);--awb-iconcolor-hover:var(--awb-color6);--awb-circlecolor:rgba(249,249,251,0);--awb-circlecolor-hover:rgba(249,249,251,0);--awb-circlebordercolor:var(--awb-color6);--awb-circlebordercolor-hover:var(--awb-color6);--awb-circlebordersize:1px;--awb-font-size:70.4px;--awb-width:140.8px;--awb-height:140.8px;--awb-line-height:138.8px;--awb-border-radius-top-l:10px;--awb-border-radius-top-r:10px;--awb-border-radius-bot-r:10px;--awb-border-radius-bot-l:10px;--awb-margin-top:0;--awb-margin-right:0;--awb-margin-bottom:0;--awb-margin-left:0;--awb-align-self:center;\"><\/i><\/div><\/div><div class=\"fusion-layout-column fusion_builder_column fusion-builder-column-3 fusion_builder_column_3_4 3_4 fusion-flex-column\" style=\"--awb-bg-size:cover;--awb-width-large:75%;--awb-margin-top-large:0px;--awb-spacing-right-large:2.56%;--awb-margin-bottom-large:20px;--awb-spacing-left-large:2.56%;--awb-width-medium:75%;--awb-order-medium:0;--awb-spacing-right-medium:2.56%;--awb-spacing-left-medium:2.56%;--awb-width-small:100%;--awb-order-small:0;--awb-spacing-right-small:1.92%;--awb-spacing-left-small:1.92%;\"><div class=\"fusion-column-wrapper fusion-column-has-shadow fusion-flex-justify-content-flex-start fusion-content-layout-column\"><div class=\"fusion-title title fusion-title-3 fusion-sep-none fusion-title-text fusion-title-size-two\" style=\"--awb-text-color:var(--awb-color6);--awb-margin-top:15PX;--awb-margin-bottom:7px;--awb-sep-color:var(--awb-color6);--awb-font-size:17PX;\"><h2 class=\"fusion-title-heading title-heading-left\" style=\"font-family:&quot;Oswald&quot;;font-style:normal;font-weight:300;margin:0;text-transform:uppercase;font-size:1em;\"><p style=\"text-align: left;\"><strong>1. MACHINES DE BOISEMENT<\/strong><\/p><\/h2><\/div><div class=\"fusion-text fusion-text-1\"><ul>\n<li>1.01.- A\u00e9rateurs<\/li>\n<li>1.02.- Bulldozers<\/li>\n<li>1.03.- D\u00e9broussailleuses<\/li>\n<li>1.04.- Jardini\u00e8res<\/li>\n<li>1.05.- S\u00e9cateurs de hauteur<\/li>\n<li>1.06.- S\u00e9cateurs<\/li>\n<li>1.07.- Chargeuses-pelleteuses<\/li>\n<li>1.08.- Rippers<\/li>\n<li>1.09.- Subsolados<\/li>\n<li>1.10.- Tracteurs forestiers<\/li>\n<li>1.11.- Concasseurs \u00e0 cha\u00eene<\/li>\n<li>1.12.- Concasseurs \u00e0 marteaux<\/li>\n<li>1.13.- Divers<em> (\u00e0 pr\u00e9ciser)<\/em><\/li>\n<\/ul>\n<\/div><div class=\"fusion-title title fusion-title-4 fusion-sep-none fusion-title-text fusion-title-size-two\" style=\"--awb-text-color:var(--awb-color6);--awb-margin-top:15PX;--awb-margin-bottom:7px;--awb-sep-color:var(--awb-color6);--awb-font-size:17PX;\"><h2 class=\"fusion-title-heading title-heading-left\" style=\"font-family:&quot;Oswald&quot;;font-style:normal;font-weight:300;margin:0;text-transform:uppercase;font-size:1em;\"><p style=\"text-align: left;\"><strong>2. MACHINES ET OUTILS POUR L&#8217;EXPLOITATION FORESTI\u00c8RE<\/strong><\/p><\/h2><\/div><div class=\"fusion-title title fusion-title-5 fusion-sep-none fusion-title-text fusion-title-size-two\" style=\"--awb-text-color:var(--awb-color6);--awb-margin-top:15PX;--awb-margin-bottom:7px;--awb-sep-color:var(--awb-color6);--awb-font-size:17PX;\"><h2 class=\"fusion-title-heading title-heading-left\" style=\"font-family:&quot;Oswald&quot;;font-style:normal;font-weight:300;margin:0;text-transform:uppercase;font-size:1em;\"><p style=\"text-align: left;\"><strong>3. TRAITEMENT DU BOIS<\/strong><\/p><\/h2><\/div><div class=\"fusion-title title fusion-title-6 fusion-sep-none fusion-title-text fusion-title-size-two\" style=\"--awb-text-color:var(--awb-color6);--awb-margin-top:15PX;--awb-margin-bottom:7px;--awb-sep-color:var(--awb-color6);--awb-font-size:17PX;\"><h2 class=\"fusion-title-heading title-heading-left\" style=\"font-family:&quot;Oswald&quot;;font-style:normal;font-weight:300;margin:0;text-transform:uppercase;font-size:1em;\"><p style=\"text-align: left;\"><strong>4. MACHINES DE SCIERIE, MACHINES DE PARC POUR USINES DE P\u00c2TE \u00c0 PAPIER ET DE PAPIER ET DE CARTON<\/strong><\/p><\/h2><\/div><div class=\"fusion-text fusion-text-2\"><ul>\n<li>4.01.- Scieries<\/li>\n<li>4.02.- Broyeurs fixes<\/li>\n<li>4.03.- Chanteurs<\/li>\n<li>4.04.- Chariots, courroies et cha\u00eenes<\/li>\n<li>4.05.- Coupeurs<\/li>\n<li>4.06.- Tamiseurs de copeaux<\/li>\n<li>4.07.- Machines \u00e0 d\u00e9plier<\/li>\n<li>4.08.- \u00c9corceuses et machines \u00e0 \u00e9corcer<\/li>\n<li>4.09.- Proc\u00e9d\u00e9s pour les usines de papier<\/li>\n<li>4.10.- Proc\u00e9d\u00e9s chimiques<\/li>\n<li>4.11.- Machines de retestage<\/li>\n<li>4.12.- Scies \u00e0 t\u00eate<\/li>\n<li>4.13.- Scies multiples et statiques<\/li>\n<li>4.14.- Silos<\/li>\n<li>4.15.- Les tamis<\/li>\n<li>4.16.- Divers <em>(\u00e0 pr\u00e9ciser)<\/em><\/li>\n<\/ul>\n<\/div><div class=\"fusion-title title fusion-title-7 fusion-sep-none fusion-title-text fusion-title-size-two\" style=\"--awb-text-color:var(--awb-color6);--awb-margin-top:15PX;--awb-margin-bottom:7px;--awb-sep-color:var(--awb-color6);--awb-font-size:17PX;\"><h2 class=\"fusion-title-heading title-heading-left\" style=\"font-family:&quot;Oswald&quot;;font-style:normal;font-weight:300;margin:0;text-transform:uppercase;font-size:1em;\"><p style=\"text-align: left;\"><strong>5. PR\u00c9VENTION, D\u00c9TECTION ET SUPPRESSION DES INCENDIES DE FOR\u00caT<\/strong><\/p><\/h2><\/div><div class=\"fusion-text fusion-text-3\"><ul>\n<li>5.01.- \u00c9quipement auxiliaire<\/li>\n<li>5.02.- Compl\u00e9ments industriels<\/li>\n<li>5.03.- \u00c9l\u00e9ments de transmission et de communication<\/li>\n<li>5.04.- V\u00eatements personnels<\/li>\n<li>5.05.- Moyens a\u00e9riens<\/li>\n<li>5.06.- Produits chimiques<\/li>\n<li>5.07.- Syst\u00e8mes de d\u00e9tection<\/li>\n<li>5.08.- \u00c9metteurs de radio et de t\u00e9l\u00e9phonie mobile<\/li>\n<li>5.09.- V\u00e9hicules extincteurs<\/li>\n<li>5.10.- Divers <em>(veuillez pr\u00e9ciser)<\/em><\/li>\n<\/ul>\n<\/div><div class=\"fusion-title title fusion-title-8 fusion-sep-none fusion-title-text fusion-title-size-two\" style=\"--awb-text-color:var(--awb-color6);--awb-margin-top:15PX;--awb-margin-bottom:7px;--awb-sep-color:var(--awb-color6);--awb-font-size:17PX;\"><h2 class=\"fusion-title-heading title-heading-left\" style=\"font-family:&quot;Oswald&quot;;font-style:normal;font-weight:300;margin:0;text-transform:uppercase;font-size:1em;\"><p style=\"text-align: left;\"><strong>6. AUTRES PRODUITS UTILIS\u00c9S ET SOUS-PRODUITS DE LA SYLVICULTURE<\/strong><\/p><\/h2><\/div><div class=\"fusion-title title fusion-title-9 fusion-sep-none fusion-title-text fusion-title-size-two\" style=\"--awb-text-color:var(--awb-color6);--awb-margin-top:15PX;--awb-margin-bottom:7px;--awb-sep-color:var(--awb-color6);--awb-font-size:17PX;\"><h2 class=\"fusion-title-heading title-heading-left\" style=\"font-family:&quot;Oswald&quot;;font-style:normal;font-weight:300;margin:0;text-transform:uppercase;font-size:1em;\"><p style=\"text-align: left;\"><strong>7. ING\u00c9NIERIE, CONSEIL ET \u00c9QUIPEMENT INFORMATIQUE<\/strong><\/p><\/h2><\/div><div class=\"fusion-text fusion-text-4\"><ul>\n<li>7.01.- Consultants<\/li>\n<li>7.02.- Mat\u00e9riel informatique<\/li>\n<li>7.03.- Importation \/ Exportation de bois de construction<\/li>\n<\/ul>\n<\/div><div class=\"fusion-title title fusion-title-10 fusion-sep-none fusion-title-text fusion-title-size-two\" style=\"--awb-text-color:var(--awb-color6);--awb-margin-top:15PX;--awb-margin-bottom:7px;--awb-sep-color:var(--awb-color6);--awb-font-size:17PX;\"><h2 class=\"fusion-title-heading title-heading-left\" style=\"font-family:&quot;Oswald&quot;;font-style:normal;font-weight:300;margin:0;text-transform:uppercase;font-size:1em;\"><p style=\"text-align: left;\"><strong>8. APPLICATION DU BOIS<\/strong><\/p><\/h2><\/div><div class=\"fusion-text fusion-text-5\"><ul>\n<li>8.01.- Maisons unifamiliales<\/li>\n<li>8.02.- Divers <em>(\u00e0 pr\u00e9ciser)<\/em><\/li>\n<\/ul>\n<\/div><div class=\"fusion-title title fusion-title-11 fusion-sep-none fusion-title-text fusion-title-size-two\" style=\"--awb-text-color:var(--awb-color6);--awb-margin-top:15PX;--awb-margin-bottom:7px;--awb-sep-color:var(--awb-color6);--awb-font-size:17PX;\"><h2 class=\"fusion-title-heading title-heading-left\" style=\"font-family:&quot;Oswald&quot;;font-style:normal;font-weight:300;margin:0;text-transform:uppercase;font-size:1em;\"><p style=\"text-align: left;\"><strong>9. ORGANISATIONS ET PUBLICATIONS<\/strong><\/p><\/h2><\/div><div class=\"fusion-text fusion-text-6\"><ul>\n<li>9.01.- Associations professionnelles<\/li>\n<li>9.02.- Institutions publiques ou priv\u00e9es<\/li>\n<li>9.03.- Associations r\u00e9gionales, nationales et internationales<\/li>\n<li>9.04.- Recherche<\/li>\n<li>9.05.- \u00c9coles professionnelles<\/li>\n<li>9.06.- \u00c9coles universitaires<\/li>\n<li>9.07.- Banques, caisses d&#8217;\u00e9pargne et soci\u00e9t\u00e9s financi\u00e8res<\/li>\n<li>9.08.- Groupes industriels<\/li>\n<li>9.09.- Revues et livres techniques<\/li>\n<li>9.10.- Autre <em>(veuillez pr\u00e9ciser)<\/em><\/li>\n<\/ul>\n<\/div><div class=\"fusion-title title fusion-title-12 fusion-sep-none fusion-title-text fusion-title-size-two\" style=\"--awb-text-color:var(--awb-color6);--awb-margin-top:15PX;--awb-margin-bottom:7px;--awb-sep-color:var(--awb-color6);--awb-font-size:17PX;\"><h2 class=\"fusion-title-heading title-heading-left\" style=\"font-family:&quot;Oswald&quot;;font-style:normal;font-weight:300;margin:0;text-transform:uppercase;font-size:1em;\"><p style=\"text-align: left;\"><strong>10. PROPRI\u00c9TAIRES DE FOR\u00caTS<\/strong><\/p><\/h2><\/div><div class=\"fusion-title title fusion-title-13 fusion-sep-none fusion-title-text fusion-title-size-two\" style=\"--awb-text-color:var(--awb-color6);--awb-margin-top:15PX;--awb-margin-bottom:7px;--awb-sep-color:var(--awb-color6);--awb-font-size:17PX;\"><h2 class=\"fusion-title-heading title-heading-left\" style=\"font-family:&quot;Oswald&quot;;font-style:normal;font-weight:300;margin:0;text-transform:uppercase;font-size:1em;\"><p style=\"text-align: left;\"><strong>11. BIOMASSE<\/strong><\/p><\/h2><\/div><div class=\"fusion-title title fusion-title-14 fusion-sep-none fusion-title-text fusion-title-size-two\" style=\"--awb-text-color:var(--awb-color6);--awb-margin-top:15PX;--awb-margin-bottom:7px;--awb-sep-color:var(--awb-color6);--awb-font-size:17PX;\"><h2 class=\"fusion-title-heading title-heading-left\" style=\"font-family:&quot;Oswald&quot;;font-style:normal;font-weight:300;margin:0;text-transform:uppercase;font-size:1em;\"><p style=\"text-align: left;\"><strong>12. \u00c9NERGIES RENOUVELABLES<\/strong><\/p><\/h2><\/div><div class=\"fusion-title title fusion-title-15 fusion-sep-none fusion-title-text fusion-title-size-two\" style=\"--awb-text-color:var(--awb-color6);--awb-margin-top:15PX;--awb-margin-bottom:7px;--awb-sep-color:var(--awb-color6);--awb-font-size:17PX;\"><h2 class=\"fusion-title-heading title-heading-left\" style=\"font-family:&quot;Oswald&quot;;font-style:normal;font-weight:300;margin:0;text-transform:uppercase;font-size:1em;\"><p style=\"text-align: left;\"><strong>13. AUTRE<\/strong><\/p><\/h2><\/div><\/div><\/div><\/div><\/div>\n","protected":false},"excerpt":{"rendered":"","protected":false},"author":3,"featured_media":0,"parent":0,"menu_order":0,"comment_status":"closed","ping_status":"closed","template":"","meta":{"footnotes":""},"class_list":["post-11285","page","type-page","status-publish","hentry"],"yoast_head":"<!-- This site is optimized with the Yoast SEO plugin v27.1.1 - https:\/\/yoast.com\/product\/yoast-seo-wordpress\/ -->\n<title>Liste des codes - Asturforesta<\/title>\n<meta name=\"robots\" content=\"index, follow, max-snippet:-1, max-image-preview:large, max-video-preview:-1\" \/>\n<link rel=\"canonical\" href=\"https:\/\/www.asturforesta.es\/fr\/liste-des-codes\/\" \/>\n<meta property=\"og:locale\" content=\"fr_FR\" \/>\n<meta property=\"og:type\" content=\"article\" \/>\n<meta property=\"og:title\" content=\"Liste des codes - Asturforesta\" \/>\n<meta property=\"og:url\" content=\"https:\/\/www.asturforesta.es\/fr\/liste-des-codes\/\" \/>\n<meta property=\"og:site_name\" content=\"Asturforesta\" \/>\n<meta property=\"article:publisher\" content=\"https:\/\/www.facebook.com\/Asturforesta-712870052165199\/\" \/>\n<meta property=\"article:modified_time\" content=\"2022-11-24T08:13:51+00:00\" \/>\n<meta name=\"twitter:card\" content=\"summary_large_image\" \/>\n<meta name=\"twitter:site\" content=\"@Asturforesta\" \/>\n<meta name=\"twitter:label1\" content=\"Est. reading time\" \/>\n\t<meta name=\"twitter:data1\" content=\"26 minutes\" \/>\n<script type=\"application\/ld+json\" class=\"yoast-schema-graph\">{\"@context\":\"https:\/\/schema.org\",\"@graph\":[{\"@type\":\"WebPage\",\"@id\":\"https:\/\/www.asturforesta.es\/fr\/liste-des-codes\/\",\"url\":\"https:\/\/www.asturforesta.es\/fr\/liste-des-codes\/\",\"name\":\"Liste des codes - Asturforesta\",\"isPartOf\":{\"@id\":\"https:\/\/www.asturforesta.es\/fr\/#website\"},\"datePublished\":\"2022-06-22T19:35:11+00:00\",\"dateModified\":\"2022-11-24T08:13:51+00:00\",\"breadcrumb\":{\"@id\":\"https:\/\/www.asturforesta.es\/fr\/liste-des-codes\/#breadcrumb\"},\"inLanguage\":\"fr-FR\",\"potentialAction\":[{\"@type\":\"ReadAction\",\"target\":[\"https:\/\/www.asturforesta.es\/fr\/liste-des-codes\/\"]}]},{\"@type\":\"BreadcrumbList\",\"@id\":\"https:\/\/www.asturforesta.es\/fr\/liste-des-codes\/#breadcrumb\",\"itemListElement\":[{\"@type\":\"ListItem\",\"position\":1,\"name\":\"Portada\",\"item\":\"https:\/\/www.asturforesta.es\/fr\/\"},{\"@type\":\"ListItem\",\"position\":2,\"name\":\"Liste des codes\"}]},{\"@type\":\"WebSite\",\"@id\":\"https:\/\/www.asturforesta.es\/fr\/#website\",\"url\":\"https:\/\/www.asturforesta.es\/fr\/\",\"name\":\"Asturforesta\",\"description\":\"Feria forestal internacional\",\"potentialAction\":[{\"@type\":\"SearchAction\",\"target\":{\"@type\":\"EntryPoint\",\"urlTemplate\":\"https:\/\/www.asturforesta.es\/fr\/?s={search_term_string}\"},\"query-input\":{\"@type\":\"PropertyValueSpecification\",\"valueRequired\":true,\"valueName\":\"search_term_string\"}}],\"inLanguage\":\"fr-FR\"}]}<\/script>\n<!-- \/ Yoast SEO plugin. -->","yoast_head_json":{"title":"Liste des codes - Asturforesta","robots":{"index":"index","follow":"follow","max-snippet":"max-snippet:-1","max-image-preview":"max-image-preview:large","max-video-preview":"max-video-preview:-1"},"canonical":"https:\/\/www.asturforesta.es\/fr\/liste-des-codes\/","og_locale":"fr_FR","og_type":"article","og_title":"Liste des codes - Asturforesta","og_url":"https:\/\/www.asturforesta.es\/fr\/liste-des-codes\/","og_site_name":"Asturforesta","article_publisher":"https:\/\/www.facebook.com\/Asturforesta-712870052165199\/","article_modified_time":"2022-11-24T08:13:51+00:00","twitter_card":"summary_large_image","twitter_site":"@Asturforesta","twitter_misc":{"Est. reading time":"26 minutes"},"schema":{"@context":"https:\/\/schema.org","@graph":[{"@type":"WebPage","@id":"https:\/\/www.asturforesta.es\/fr\/liste-des-codes\/","url":"https:\/\/www.asturforesta.es\/fr\/liste-des-codes\/","name":"Liste des codes - Asturforesta","isPartOf":{"@id":"https:\/\/www.asturforesta.es\/fr\/#website"},"datePublished":"2022-06-22T19:35:11+00:00","dateModified":"2022-11-24T08:13:51+00:00","breadcrumb":{"@id":"https:\/\/www.asturforesta.es\/fr\/liste-des-codes\/#breadcrumb"},"inLanguage":"fr-FR","potentialAction":[{"@type":"ReadAction","target":["https:\/\/www.asturforesta.es\/fr\/liste-des-codes\/"]}]},{"@type":"BreadcrumbList","@id":"https:\/\/www.asturforesta.es\/fr\/liste-des-codes\/#breadcrumb","itemListElement":[{"@type":"ListItem","position":1,"name":"Portada","item":"https:\/\/www.asturforesta.es\/fr\/"},{"@type":"ListItem","position":2,"name":"Liste des codes"}]},{"@type":"WebSite","@id":"https:\/\/www.asturforesta.es\/fr\/#website","url":"https:\/\/www.asturforesta.es\/fr\/","name":"Asturforesta","description":"Feria forestal internacional","potentialAction":[{"@type":"SearchAction","target":{"@type":"EntryPoint","urlTemplate":"https:\/\/www.asturforesta.es\/fr\/?s={search_term_string}"},"query-input":{"@type":"PropertyValueSpecification","valueRequired":true,"valueName":"search_term_string"}}],"inLanguage":"fr-FR"}]}},"_links":{"self":[{"href":"https:\/\/www.asturforesta.es\/fr\/wp-json\/wp\/v2\/pages\/11285","targetHints":{"allow":["GET"]}}],"collection":[{"href":"https:\/\/www.asturforesta.es\/fr\/wp-json\/wp\/v2\/pages"}],"about":[{"href":"https:\/\/www.asturforesta.es\/fr\/wp-json\/wp\/v2\/types\/page"}],"author":[{"embeddable":true,"href":"https:\/\/www.asturforesta.es\/fr\/wp-json\/wp\/v2\/users\/3"}],"replies":[{"embeddable":true,"href":"https:\/\/www.asturforesta.es\/fr\/wp-json\/wp\/v2\/comments?post=11285"}],"version-history":[{"count":11,"href":"https:\/\/www.asturforesta.es\/fr\/wp-json\/wp\/v2\/pages\/11285\/revisions"}],"predecessor-version":[{"id":11358,"href":"https:\/\/www.asturforesta.es\/fr\/wp-json\/wp\/v2\/pages\/11285\/revisions\/11358"}],"wp:attachment":[{"href":"https:\/\/www.asturforesta.es\/fr\/wp-json\/wp\/v2\/media?parent=11285"}],"curies":[{"name":"wp","href":"https:\/\/api.w.org\/{rel}","templated":true}]}}