{"id":11426,"date":"2022-06-27T09:39:35","date_gmt":"2022-06-27T09:39:35","guid":{"rendered":"https:\/\/www.asturforesta.es\/tineo\/"},"modified":"2022-11-24T13:30:55","modified_gmt":"2022-11-24T13:30:55","slug":"tineo","status":"publish","type":"page","link":"https:\/\/www.asturforesta.es\/en\/tineo\/","title":{"rendered":"Tineo"},"content":{"rendered":"<p><div class=\"fusion-fullwidth fullwidth-box fusion-builder-row-1 fusion-flex-container nonhundred-percent-fullwidth non-hundred-percent-height-scrolling\" style=\"--awb-border-radius-top-left:0px;--awb-border-radius-top-right:0px;--awb-border-radius-bottom-right:0px;--awb-border-radius-bottom-left:0px;--awb-flex-wrap:wrap;\" ><div class=\"fusion-builder-row fusion-row fusion-flex-align-items-flex-start fusion-flex-content-wrap\" style=\"max-width:1248px;margin-left: calc(-4% \/ 2 );margin-right: calc(-4% \/ 2 );\"><div class=\"fusion-layout-column fusion_builder_column fusion-builder-column-0 fusion_builder_column_1_6 1_6 fusion-flex-column\" style=\"--awb-bg-size:cover;--awb-width-large:16.666666666667%;--awb-margin-top-large:0px;--awb-spacing-right-large:11.52%;--awb-margin-bottom-large:20px;--awb-spacing-left-large:11.52%;--awb-width-medium:16.666666666667%;--awb-order-medium:0;--awb-spacing-right-medium:11.52%;--awb-spacing-left-medium:11.52%;--awb-width-small:100%;--awb-order-small:0;--awb-spacing-right-small:1.92%;--awb-spacing-left-small:1.92%;\"><div class=\"fusion-column-wrapper fusion-column-has-shadow fusion-flex-justify-content-flex-start fusion-content-layout-column\"><\/div><\/div><div class=\"fusion-layout-column fusion_builder_column fusion-builder-column-1 fusion_builder_column_3_4 3_4 fusion-flex-column\" style=\"--awb-bg-size:cover;--awb-width-large:75%;--awb-margin-top-large:0px;--awb-spacing-right-large:2.56%;--awb-margin-bottom-large:20px;--awb-spacing-left-large:2.56%;--awb-width-medium:75%;--awb-order-medium:0;--awb-spacing-right-medium:2.56%;--awb-spacing-left-medium:2.56%;--awb-width-small:100%;--awb-order-small:0;--awb-spacing-right-small:1.92%;--awb-spacing-left-small:1.92%;\"><div class=\"fusion-column-wrapper fusion-column-has-shadow fusion-flex-justify-content-flex-start fusion-content-layout-column\"><div class=\"fusion-title title fusion-title-1 fusion-sep-none fusion-title-text fusion-title-size-one\" style=\"--awb-margin-bottom:0PX;--awb-font-size:29px;\"><h1 class=\"fusion-title-heading title-heading-left\" style=\"margin:0;text-transform:uppercase;font-size:1em;\"><strong>Council and Villa of Tineo<\/strong><\/h1><\/div><div class=\"fusion-title title fusion-title-2 fusion-sep-none fusion-title-text fusion-title-size-two\" style=\"--awb-text-color:var(--awb-color3);--awb-margin-top:15PX;--awb-margin-bottom:7px;--awb-sep-color:var(--awb-color6);--awb-font-size:19PX;\"><h2 class=\"fusion-title-heading title-heading-left\" style=\"font-family:&quot;Oswald&quot;;font-style:normal;font-weight:300;margin:0;text-transform:uppercase;font-size:1em;\"><p style=\"text-align: left;\"><strong>Nature on demand<\/strong><\/p><\/h2><\/div><div class=\"fusion-separator\" style=\"align-self: flex-start;margin-right:auto;margin-bottom:15px;width:100%;max-width:80%;\"><div class=\"fusion-separator-border sep-single sep-solid\" style=\"--awb-height:20px;--awb-amount:20px;--awb-sep-color:var(--awb-color4);border-color:var(--awb-color4);border-top-width:1px;\"><\/div><\/div><\/div><\/div><div class=\"fusion-layout-column fusion_builder_column fusion-builder-column-2 fusion_builder_column_1_6 1_6 fusion-flex-column\" style=\"--awb-padding-top:10px;--awb-padding-right:10px;--awb-padding-bottom:10px;--awb-padding-left:10px;--awb-overflow:hidden;--awb-bg-color:var(--awb-color4);--awb-bg-color-hover:var(--awb-color4);--awb-bg-size:cover;--awb-border-radius:3px 3px 3px 3px;--awb-width-large:16.666666666667%;--awb-margin-top-large:0px;--awb-spacing-right-large:11.52%;--awb-margin-bottom-large:20px;--awb-spacing-left-large:11.52%;--awb-width-medium:16.666666666667%;--awb-order-medium:0;--awb-spacing-right-medium:11.52%;--awb-spacing-left-medium:11.52%;--awb-width-small:100%;--awb-order-small:0;--awb-spacing-right-small:1.92%;--awb-spacing-left-small:1.92%;\"><div class=\"fusion-column-wrapper fusion-column-has-shadow fusion-flex-justify-content-flex-start fusion-content-layout-column\"><i class=\"fb-icon-element-1 fb-icon-element fontawesome-icon fa-image fas circle-yes\" style=\"--awb-circlecolor:var(--awb-color4);--awb-circlebordercolor:var(--awb-color4);--awb-circlebordersize:1px;--awb-font-size:70.4px;--awb-width:140.8px;--awb-height:140.8px;--awb-line-height:138.8px;--awb-border-radius-top-l:10px;--awb-border-radius-top-r:10px;--awb-border-radius-bot-r:10px;--awb-border-radius-bot-l:10px;--awb-align-self:center;--awb-margin-top:0px;--awb-margin-right:0px;--awb-margin-bottom:5px;--awb-margin-left:0px;\"><\/i><\/div><\/div><div class=\"fusion-layout-column fusion_builder_column fusion-builder-column-3 fusion_builder_column_3_4 3_4 fusion-flex-column\" style=\"--awb-bg-size:cover;--awb-width-large:75%;--awb-margin-top-large:0px;--awb-spacing-right-large:2.56%;--awb-margin-bottom-large:20px;--awb-spacing-left-large:2.56%;--awb-width-medium:75%;--awb-order-medium:0;--awb-spacing-right-medium:2.56%;--awb-spacing-left-medium:2.56%;--awb-width-small:100%;--awb-order-small:0;--awb-spacing-right-small:1.92%;--awb-spacing-left-small:1.92%;\"><div class=\"fusion-column-wrapper fusion-column-has-shadow fusion-flex-justify-content-flex-start fusion-content-layout-column\"><div class=\"fusion-text fusion-text-1\"><p align=\"justify\">The council of Tineo is located in western Asturias and is characterized by an amazing and extensive territory where history and nature combine to form a unique landscape full of historical heritage as few Asturian councils have.<\/p>\n<p align=\"justify\">The town of Tineo, capital of the municipality, is considered a population with a long history since the time of the Roman Empire. During the 12th and 15th centuries, it reached its maximum splendor coinciding with the influx of pilgrims who, on their way to the Galician town of Santiago de Compostela, stopped at the Monastery of Santa Mar\u00eda la Real de Obona.<\/p>\n<p align=\"justify\">The municipality of Tineo is the cradle of Exemplary Towns, an award granted by the Princess of Asturias Foundation. Thus, we can visit the town of Tu\u00f1a, awarded in 2000 for its stately past, or Navelgas, awarded in 2003 for its tradition and history around gold. A council with important tourist and historical attractions: prehistoric dolmens, Roman gold mines, monasteries, palaces,&#8230; and mainly nature. Its landscapes, its customs, its history and its traditions make up the most important heritage of Tineo. The hospitality of its people and the scent of its gastronomy invite tourists to enjoy a unique council in the Principality of Asturias.<\/p>\n<p align=\"justify\">Tineo, enjoys a very important Artistic, Civil and Religious Heritage. Proof of this are the numerous palaces distributed throughout the council, such as Rozadiella, the Garc\u00eda family or the Palace of Mer\u00e1s and a wide variety of churches and chapels, such as the Monastery of Obona, the Church of San Mart\u00edn de Calleras or the Hermitage of San Roque. Protected Natural Spaces and Natural Monuments are also part of our &#8220;Nature on demand&#8221; Las Hoces del R\u00edo Esva, one of the most important ecological cradles in western Asturias, where flora and fauna preserve all their splendor, or Carbayo de Valent\u00edn, the impressive oak tree, hundreds of years old, at the foot of the Chapel of San Pedro de Valent\u00edn .<\/p>\n<\/div><div class=\"fusion-separator\" style=\"align-self: flex-start;margin-right:auto;margin-bottom:30px;width:100%;max-width:80%;\"><\/div><\/div><\/div><\/div><\/div><div class=\"fusion-fullwidth fullwidth-box fusion-builder-row-2 fusion-flex-container nonhundred-percent-fullwidth non-hundred-percent-height-scrolling\" style=\"--awb-border-radius-top-left:0px;--awb-border-radius-top-right:0px;--awb-border-radius-bottom-right:0px;--awb-border-radius-bottom-left:0px;--awb-padding-top:30px;--awb-padding-right:30px;--awb-padding-bottom:30px;--awb-padding-left:30px;--awb-background-color:rgba(255,255,255,0);--awb-flex-wrap:wrap;\" ><div class=\"fusion-builder-row fusion-row fusion-flex-align-items-flex-start fusion-flex-content-wrap\" style=\"max-width:1248px;margin-left: calc(-4% \/ 2 );margin-right: calc(-4% \/ 2 );\"><div class=\"fusion-layout-column fusion_builder_column fusion-builder-column-4 fusion_builder_column_1_6 1_6 fusion-flex-column\" style=\"--awb-bg-size:cover;--awb-width-large:16.666666666667%;--awb-margin-top-large:0px;--awb-spacing-right-large:11.52%;--awb-margin-bottom-large:20px;--awb-spacing-left-large:11.52%;--awb-width-medium:16.666666666667%;--awb-order-medium:0;--awb-spacing-right-medium:11.52%;--awb-spacing-left-medium:11.52%;--awb-width-small:100%;--awb-order-small:0;--awb-spacing-right-small:1.92%;--awb-spacing-left-small:1.92%;\"><div class=\"fusion-column-wrapper fusion-column-has-shadow fusion-flex-justify-content-flex-start fusion-content-layout-column\"><\/div><\/div><div class=\"fusion-layout-column fusion_builder_column fusion-builder-column-5 fusion_builder_column_1_5 1_5 fusion-flex-column fusion-column-inner-bg-wrapper\" style=\"--awb-inner-bg-size:cover;--awb-width-large:20%;--awb-margin-top-large:0px;--awb-spacing-right-large:9.6%;--awb-margin-bottom-large:20px;--awb-spacing-left-large:9.6%;--awb-width-medium:20%;--awb-order-medium:0;--awb-spacing-right-medium:9.6%;--awb-spacing-left-medium:9.6%;--awb-width-small:100%;--awb-order-small:0;--awb-spacing-right-small:1.92%;--awb-spacing-left-small:1.92%;\"><span class=\"fusion-column-inner-bg hover-type-none\"><a class=\"fusion-column-anchor\" href=\"https:\/\/www.asturforesta.es\/en\/?page_id=11306\"><span class=\"fusion-column-inner-bg-image\"><\/span><\/a><\/span><div class=\"fusion-column-wrapper fusion-column-has-shadow fusion-flex-justify-content-flex-start fusion-content-layout-column\"><div class=\"fusion-image-element \" style=\"--awb-aspect-ratio:1 \/ 1;--awb-object-position:52% 62%;--awb-mask-url: url(https:\/\/www.asturforesta.es\/wp-content\/plugins\/fusion-builder\/\/assets\/images\/masks\/mask-17.svg);--awb-max-width:200px;--awb-caption-title-font-family:var(--h2_typography-font-family);--awb-caption-title-font-weight:var(--h2_typography-font-weight);--awb-caption-title-font-style:var(--h2_typography-font-style);--awb-caption-title-size:var(--h2_typography-font-size);--awb-caption-title-transform:var(--h2_typography-text-transform);--awb-caption-title-line-height:var(--h2_typography-line-height);--awb-caption-title-letter-spacing:var(--h2_typography-letter-spacing);\"><div style=\"display:inline-block;width:200px;\"><span class=\" fusion-imageframe imageframe-none imageframe-1 hover-type-none has-mask has-aspect-ratio\"><img decoding=\"async\" width=\"1920\" height=\"1280\" alt=\"Asturian Fabada\" title=\"fabada-asturiana-tineo\" src=\"https:\/\/www.asturforesta.es\/wp-content\/uploads\/2022\/06\/fabada-asturiana-tineo.jpeg\" class=\"img-responsive wp-image-11060 img-with-aspect-ratio\" data-parent-fit=\"cover\" data-parent-container=\".fusion-image-element\" srcset=\"https:\/\/www.asturforesta.es\/wp-content\/uploads\/2022\/06\/fabada-asturiana-tineo-200x133.jpeg 200w, https:\/\/www.asturforesta.es\/wp-content\/uploads\/2022\/06\/fabada-asturiana-tineo-400x267.jpeg 400w, https:\/\/www.asturforesta.es\/wp-content\/uploads\/2022\/06\/fabada-asturiana-tineo-600x400.jpeg 600w, https:\/\/www.asturforesta.es\/wp-content\/uploads\/2022\/06\/fabada-asturiana-tineo-800x533.jpeg 800w, https:\/\/www.asturforesta.es\/wp-content\/uploads\/2022\/06\/fabada-asturiana-tineo-1200x800.jpeg 1200w, https:\/\/www.asturforesta.es\/wp-content\/uploads\/2022\/06\/fabada-asturiana-tineo.jpeg 1920w\" sizes=\"(max-width: 640px) 100vw, 200px\" \/><\/span><\/div><\/div><div class=\"fusion-title title fusion-title-3 fusion-sep-none fusion-title-center fusion-title-text fusion-title-size-four\" style=\"--awb-text-color:var(--awb-color3);--awb-margin-top:5PX;--awb-margin-bottom:0px;--awb-font-size:21PX;\"><h4 class=\"fusion-title-heading title-heading-center\" style=\"font-family:&quot;Oswald&quot;;font-style:normal;font-weight:300;margin:0;text-transform:uppercase;font-size:1em;\"><p style=\"text-align: center;\"><strong>where to eat<\/strong><\/p><\/h4><\/div><\/div><\/div><div class=\"fusion-layout-column fusion_builder_column fusion-builder-column-6 fusion_builder_column_1_5 1_5 fusion-flex-column fusion-column-inner-bg-wrapper\" style=\"--awb-inner-bg-size:cover;--awb-width-large:20%;--awb-margin-top-large:0px;--awb-spacing-right-large:9.6%;--awb-margin-bottom-large:20px;--awb-spacing-left-large:9.6%;--awb-width-medium:20%;--awb-order-medium:0;--awb-spacing-right-medium:9.6%;--awb-spacing-left-medium:9.6%;--awb-width-small:100%;--awb-order-small:0;--awb-spacing-right-small:1.92%;--awb-spacing-left-small:1.92%;\"><span class=\"fusion-column-inner-bg hover-type-none\"><a class=\"fusion-column-anchor\" href=\"https:\/\/www.asturforesta.es\/en\/?page_id=11342\"><span class=\"fusion-column-inner-bg-image\"><\/span><\/a><\/span><div class=\"fusion-column-wrapper fusion-column-has-shadow fusion-flex-justify-content-flex-start fusion-content-layout-column\"><div class=\"fusion-image-element \" style=\"--awb-aspect-ratio:1 \/ 1;--awb-object-position:68% 45%;--awb-mask-url: url(https:\/\/www.asturforesta.es\/wp-content\/plugins\/fusion-builder\/\/assets\/images\/masks\/mask-17.svg);--awb-max-width:200px;--awb-caption-title-font-family:var(--h2_typography-font-family);--awb-caption-title-font-weight:var(--h2_typography-font-weight);--awb-caption-title-font-style:var(--h2_typography-font-style);--awb-caption-title-size:var(--h2_typography-font-size);--awb-caption-title-transform:var(--h2_typography-text-transform);--awb-caption-title-line-height:var(--h2_typography-line-height);--awb-caption-title-letter-spacing:var(--h2_typography-letter-spacing);\"><div style=\"display:inline-block;width:200px;\"><span class=\" fusion-imageframe imageframe-none imageframe-2 hover-type-none has-mask has-aspect-ratio\"><img decoding=\"async\" width=\"2674\" height=\"4100\" alt=\"Asturian Fabada\" title=\"tineo11\" src=\"https:\/\/www.asturforesta.es\/wp-content\/uploads\/2019\/12\/tineo11.jpg\" class=\"img-responsive wp-image-10040 img-with-aspect-ratio\" data-parent-fit=\"cover\" data-parent-container=\".fusion-image-element\" srcset=\"https:\/\/www.asturforesta.es\/wp-content\/uploads\/2019\/12\/tineo11-196x300.jpg 196w, https:\/\/www.asturforesta.es\/wp-content\/uploads\/2019\/12\/tineo11-668x1024.jpg 668w, https:\/\/www.asturforesta.es\/wp-content\/uploads\/2019\/12\/tineo11-768x1178.jpg 768w, https:\/\/www.asturforesta.es\/wp-content\/uploads\/2019\/12\/tineo11.jpg 2674w\" sizes=\"(max-width: 2674px) 100vw, 2674px\" \/><\/span><\/div><\/div><div class=\"fusion-title title fusion-title-4 fusion-sep-none fusion-title-center fusion-title-text fusion-title-size-four\" style=\"--awb-text-color:var(--awb-color3);--awb-margin-top:5PX;--awb-margin-bottom:0px;--awb-font-size:21PX;\"><h4 class=\"fusion-title-heading title-heading-center\" style=\"font-family:&quot;Oswald&quot;;font-style:normal;font-weight:300;margin:0;text-transform:uppercase;font-size:1em;\"><p style=\"text-align: center;\"><strong>where to sleep<\/strong><\/p><\/h4><\/div><\/div><\/div><div class=\"fusion-layout-column fusion_builder_column fusion-builder-column-7 fusion_builder_column_1_5 1_5 fusion-flex-column fusion-column-inner-bg-wrapper\" style=\"--awb-inner-bg-size:cover;--awb-width-large:20%;--awb-margin-top-large:0px;--awb-spacing-right-large:9.6%;--awb-margin-bottom-large:20px;--awb-spacing-left-large:9.6%;--awb-width-medium:20%;--awb-order-medium:0;--awb-spacing-right-medium:9.6%;--awb-spacing-left-medium:9.6%;--awb-width-small:100%;--awb-order-small:0;--awb-spacing-right-small:1.92%;--awb-spacing-left-small:1.92%;\"><span class=\"fusion-column-inner-bg hover-type-none\"><a class=\"fusion-column-anchor\" href=\"https:\/\/www.asturforesta.es\/en\/?page_id=11263\"><span class=\"fusion-column-inner-bg-image\"><\/span><\/a><\/span><div class=\"fusion-column-wrapper fusion-column-has-shadow fusion-flex-justify-content-flex-start fusion-content-layout-column\"><div class=\"fusion-image-element \" style=\"--awb-aspect-ratio:1 \/ 1;--awb-object-position:49% 50%;--awb-mask-url: url(https:\/\/www.asturforesta.es\/wp-content\/plugins\/fusion-builder\/\/assets\/images\/masks\/mask-17.svg);--awb-max-width:200px;--awb-caption-title-font-family:var(--h2_typography-font-family);--awb-caption-title-font-weight:var(--h2_typography-font-weight);--awb-caption-title-font-style:var(--h2_typography-font-style);--awb-caption-title-size:var(--h2_typography-font-size);--awb-caption-title-transform:var(--h2_typography-text-transform);--awb-caption-title-line-height:var(--h2_typography-line-height);--awb-caption-title-letter-spacing:var(--h2_typography-letter-spacing);\"><div style=\"display:inline-block;width:200px;\"><span class=\" fusion-imageframe imageframe-none imageframe-3 hover-type-none has-mask has-aspect-ratio\"><img decoding=\"async\" width=\"320\" height=\"213\" alt=\"Asturian Fabada\" title=\"F166\" src=\"https:\/\/www.asturforesta.es\/wp-content\/uploads\/2020\/07\/F166.jpg\" class=\"img-responsive wp-image-10386 img-with-aspect-ratio\" data-parent-fit=\"cover\" data-parent-container=\".fusion-image-element\" srcset=\"https:\/\/www.asturforesta.es\/wp-content\/uploads\/2020\/07\/F166-272x182.jpg 272w, https:\/\/www.asturforesta.es\/wp-content\/uploads\/2020\/07\/F166-300x200.jpg 300w, https:\/\/www.asturforesta.es\/wp-content\/uploads\/2020\/07\/F166.jpg 320w\" sizes=\"(max-width: 320px) 100vw, 320px\" \/><\/span><\/div><\/div><div class=\"fusion-title title fusion-title-5 fusion-sep-none fusion-title-center fusion-title-text fusion-title-size-four\" style=\"--awb-text-color:var(--awb-color3);--awb-margin-top:5PX;--awb-margin-bottom:0px;--awb-font-size:21PX;\"><h4 class=\"fusion-title-heading title-heading-center\" style=\"font-family:&quot;Oswald&quot;;font-style:normal;font-weight:300;margin:0;text-transform:uppercase;font-size:1em;\"><p style=\"text-align: center;\"><strong>how to get there<\/strong><\/p><\/h4><\/div><\/div><\/div><div class=\"fusion-layout-column fusion_builder_column fusion-builder-column-8 fusion_builder_column_1_5 1_5 fusion-flex-column fusion-column-inner-bg-wrapper\" style=\"--awb-inner-bg-size:cover;--awb-width-large:20%;--awb-margin-top-large:0px;--awb-spacing-right-large:9.6%;--awb-margin-bottom-large:20px;--awb-spacing-left-large:9.6%;--awb-width-medium:20%;--awb-order-medium:0;--awb-spacing-right-medium:9.6%;--awb-spacing-left-medium:9.6%;--awb-width-small:100%;--awb-order-small:0;--awb-spacing-right-small:1.92%;--awb-spacing-left-small:1.92%;\"><span class=\"fusion-column-inner-bg hover-type-none\"><a class=\"fusion-column-anchor\" href=\"https:\/\/turismotineo.es\/\" rel=\"noopener noreferrer\" target=\"_blank\"><span class=\"fusion-column-inner-bg-image\"><\/span><\/a><\/span><div class=\"fusion-column-wrapper fusion-column-has-shadow fusion-flex-justify-content-flex-start fusion-content-layout-column\"><div class=\"fusion-image-element \" style=\"--awb-aspect-ratio:1 \/ 1;--awb-object-position:49% 50%;--awb-mask-url: url(https:\/\/www.asturforesta.es\/wp-content\/plugins\/fusion-builder\/\/assets\/images\/masks\/mask-17.svg);--awb-max-width:200px;--awb-caption-title-font-family:var(--h2_typography-font-family);--awb-caption-title-font-weight:var(--h2_typography-font-weight);--awb-caption-title-font-style:var(--h2_typography-font-style);--awb-caption-title-size:var(--h2_typography-font-size);--awb-caption-title-transform:var(--h2_typography-text-transform);--awb-caption-title-line-height:var(--h2_typography-line-height);--awb-caption-title-letter-spacing:var(--h2_typography-letter-spacing);\"><div style=\"display:inline-block;width:200px;\"><span class=\" fusion-imageframe imageframe-none imageframe-4 hover-type-none has-mask has-aspect-ratio\"><img decoding=\"async\" width=\"1929\" height=\"2959\" alt=\"Asturian Fabada\" title=\"TINEO15\" src=\"https:\/\/www.asturforesta.es\/wp-content\/uploads\/2019\/12\/TINEO15.jpg\" class=\"img-responsive wp-image-10054 img-with-aspect-ratio\" data-parent-fit=\"cover\" data-parent-container=\".fusion-image-element\" srcset=\"https:\/\/www.asturforesta.es\/wp-content\/uploads\/2019\/12\/TINEO15-196x300.jpg 196w, https:\/\/www.asturforesta.es\/wp-content\/uploads\/2019\/12\/TINEO15-668x1024.jpg 668w, https:\/\/www.asturforesta.es\/wp-content\/uploads\/2019\/12\/TINEO15-768x1178.jpg 768w, https:\/\/www.asturforesta.es\/wp-content\/uploads\/2019\/12\/TINEO15.jpg 1929w\" sizes=\"(max-width: 1929px) 100vw, 1929px\" \/><\/span><\/div><\/div><div class=\"fusion-title title fusion-title-6 fusion-sep-none fusion-title-center fusion-title-text fusion-title-size-four\" style=\"--awb-text-color:var(--awb-color3);--awb-margin-top:5PX;--awb-margin-bottom:0px;--awb-font-size:21PX;\"><h4 class=\"fusion-title-heading title-heading-center\" style=\"font-family:&quot;Oswald&quot;;font-style:normal;font-weight:300;margin:0;text-transform:uppercase;font-size:1em;\"><p style=\"text-align: center;\"><strong>Tineo Tourism<\/strong><\/p><\/h4><\/div><\/div><\/div><\/div><\/div><\/p>\n","protected":false},"excerpt":{"rendered":"","protected":false},"author":3,"featured_media":0,"parent":0,"menu_order":0,"comment_status":"closed","ping_status":"closed","template":"","meta":{"footnotes":""},"class_list":["post-11426","page","type-page","status-publish","hentry"],"yoast_head":"<!-- This site is optimized with the Yoast SEO plugin v27.1.1 - https:\/\/yoast.com\/product\/yoast-seo-wordpress\/ -->\n<title>Tineo - Asturforesta<\/title>\n<meta name=\"robots\" content=\"index, follow, max-snippet:-1, max-image-preview:large, max-video-preview:-1\" \/>\n<link rel=\"canonical\" href=\"https:\/\/www.asturforesta.es\/en\/tineo\/\" \/>\n<meta property=\"og:locale\" content=\"en_US\" \/>\n<meta property=\"og:type\" content=\"article\" \/>\n<meta property=\"og:title\" content=\"Tineo - Asturforesta\" \/>\n<meta property=\"og:url\" content=\"https:\/\/www.asturforesta.es\/en\/tineo\/\" \/>\n<meta property=\"og:site_name\" content=\"Asturforesta\" \/>\n<meta property=\"article:publisher\" content=\"https:\/\/www.facebook.com\/Asturforesta-712870052165199\/\" \/>\n<meta property=\"article:modified_time\" content=\"2022-11-24T13:30:55+00:00\" \/>\n<meta name=\"twitter:card\" content=\"summary_large_image\" \/>\n<meta name=\"twitter:site\" content=\"@Asturforesta\" \/>\n<meta name=\"twitter:label1\" content=\"Est. reading time\" \/>\n\t<meta name=\"twitter:data1\" content=\"12 minutes\" \/>\n<script type=\"application\/ld+json\" class=\"yoast-schema-graph\">{\"@context\":\"https:\/\/schema.org\",\"@graph\":[{\"@type\":\"WebPage\",\"@id\":\"https:\/\/www.asturforesta.es\/en\/tineo\/\",\"url\":\"https:\/\/www.asturforesta.es\/en\/tineo\/\",\"name\":\"Tineo - Asturforesta\",\"isPartOf\":{\"@id\":\"https:\/\/www.asturforesta.es\/en\/#website\"},\"datePublished\":\"2022-06-27T09:39:35+00:00\",\"dateModified\":\"2022-11-24T13:30:55+00:00\",\"breadcrumb\":{\"@id\":\"https:\/\/www.asturforesta.es\/en\/tineo\/#breadcrumb\"},\"inLanguage\":\"en-US\",\"potentialAction\":[{\"@type\":\"ReadAction\",\"target\":[\"https:\/\/www.asturforesta.es\/en\/tineo\/\"]}]},{\"@type\":\"BreadcrumbList\",\"@id\":\"https:\/\/www.asturforesta.es\/en\/tineo\/#breadcrumb\",\"itemListElement\":[{\"@type\":\"ListItem\",\"position\":1,\"name\":\"Portada\",\"item\":\"https:\/\/www.asturforesta.es\/en\/\"},{\"@type\":\"ListItem\",\"position\":2,\"name\":\"Tineo\"}]},{\"@type\":\"WebSite\",\"@id\":\"https:\/\/www.asturforesta.es\/en\/#website\",\"url\":\"https:\/\/www.asturforesta.es\/en\/\",\"name\":\"Asturforesta\",\"description\":\"Feria forestal internacional\",\"potentialAction\":[{\"@type\":\"SearchAction\",\"target\":{\"@type\":\"EntryPoint\",\"urlTemplate\":\"https:\/\/www.asturforesta.es\/en\/?s={search_term_string}\"},\"query-input\":{\"@type\":\"PropertyValueSpecification\",\"valueRequired\":true,\"valueName\":\"search_term_string\"}}],\"inLanguage\":\"en-US\"}]}<\/script>\n<!-- \/ Yoast SEO plugin. -->","yoast_head_json":{"title":"Tineo - Asturforesta","robots":{"index":"index","follow":"follow","max-snippet":"max-snippet:-1","max-image-preview":"max-image-preview:large","max-video-preview":"max-video-preview:-1"},"canonical":"https:\/\/www.asturforesta.es\/en\/tineo\/","og_locale":"en_US","og_type":"article","og_title":"Tineo - Asturforesta","og_url":"https:\/\/www.asturforesta.es\/en\/tineo\/","og_site_name":"Asturforesta","article_publisher":"https:\/\/www.facebook.com\/Asturforesta-712870052165199\/","article_modified_time":"2022-11-24T13:30:55+00:00","twitter_card":"summary_large_image","twitter_site":"@Asturforesta","twitter_misc":{"Est. reading time":"12 minutes"},"schema":{"@context":"https:\/\/schema.org","@graph":[{"@type":"WebPage","@id":"https:\/\/www.asturforesta.es\/en\/tineo\/","url":"https:\/\/www.asturforesta.es\/en\/tineo\/","name":"Tineo - Asturforesta","isPartOf":{"@id":"https:\/\/www.asturforesta.es\/en\/#website"},"datePublished":"2022-06-27T09:39:35+00:00","dateModified":"2022-11-24T13:30:55+00:00","breadcrumb":{"@id":"https:\/\/www.asturforesta.es\/en\/tineo\/#breadcrumb"},"inLanguage":"en-US","potentialAction":[{"@type":"ReadAction","target":["https:\/\/www.asturforesta.es\/en\/tineo\/"]}]},{"@type":"BreadcrumbList","@id":"https:\/\/www.asturforesta.es\/en\/tineo\/#breadcrumb","itemListElement":[{"@type":"ListItem","position":1,"name":"Portada","item":"https:\/\/www.asturforesta.es\/en\/"},{"@type":"ListItem","position":2,"name":"Tineo"}]},{"@type":"WebSite","@id":"https:\/\/www.asturforesta.es\/en\/#website","url":"https:\/\/www.asturforesta.es\/en\/","name":"Asturforesta","description":"Feria forestal internacional","potentialAction":[{"@type":"SearchAction","target":{"@type":"EntryPoint","urlTemplate":"https:\/\/www.asturforesta.es\/en\/?s={search_term_string}"},"query-input":{"@type":"PropertyValueSpecification","valueRequired":true,"valueName":"search_term_string"}}],"inLanguage":"en-US"}]}},"_links":{"self":[{"href":"https:\/\/www.asturforesta.es\/en\/wp-json\/wp\/v2\/pages\/11426","targetHints":{"allow":["GET"]}}],"collection":[{"href":"https:\/\/www.asturforesta.es\/en\/wp-json\/wp\/v2\/pages"}],"about":[{"href":"https:\/\/www.asturforesta.es\/en\/wp-json\/wp\/v2\/types\/page"}],"author":[{"embeddable":true,"href":"https:\/\/www.asturforesta.es\/en\/wp-json\/wp\/v2\/users\/3"}],"replies":[{"embeddable":true,"href":"https:\/\/www.asturforesta.es\/en\/wp-json\/wp\/v2\/comments?post=11426"}],"version-history":[{"count":4,"href":"https:\/\/www.asturforesta.es\/en\/wp-json\/wp\/v2\/pages\/11426\/revisions"}],"predecessor-version":[{"id":11445,"href":"https:\/\/www.asturforesta.es\/en\/wp-json\/wp\/v2\/pages\/11426\/revisions\/11445"}],"wp:attachment":[{"href":"https:\/\/www.asturforesta.es\/en\/wp-json\/wp\/v2\/media?parent=11426"}],"curies":[{"name":"wp","href":"https:\/\/api.w.org\/{rel}","templated":true}]}}